{"id":6466,"date":"2020-07-02T18:26:33","date_gmt":"2020-07-02T22:26:33","guid":{"rendered":"https:\/\/cendhy.cl\/past-events\/"},"modified":"2020-07-02T18:26:33","modified_gmt":"2020-07-02T22:26:33","slug":"past-events","status":"publish","type":"page","link":"https:\/\/cendhy.cl\/en\/past-events\/","title":{"rendered":"Past Events"},"content":{"rendered":"<p>[et_pb_section fb_built=&#8221;1&#8243; custom_padding_last_edited=&#8221;on|tablet&#8221; admin_label=&#8221;Hero&#8221; _builder_version=&#8221;4.4.5&#8243; background_color=&#8221;#384b77&#8243; use_background_color_gradient=&#8221;on&#8221; background_color_gradient_start=&#8221;rgba(56,75,119,0.5)&#8221; background_color_gradient_end=&#8221;#384b77&#8243; background_color_gradient_type=&#8221;radial&#8221; background_color_gradient_direction_radial=&#8221;top right&#8221; background_color_gradient_start_position=&#8221;20%&#8221; background_color_gradient_overlays_image=&#8221;on&#8221; background_enable_image=&#8221;off&#8221; custom_padding=&#8221;14px|0px|20px|0px|false|false&#8221; custom_padding_tablet=&#8221;24px||0px||false|false&#8221; custom_padding_phone=&#8221;15px||0px||false|false&#8221; bottom_divider_style=&#8221;triangle&#8221; bottom_divider_color=&#8221;rgba(0,0,0,0)&#8221; bottom_divider_height=&#8221;50px&#8221; bottom_divider_flip=&#8221;horizontal&#8221; bottom_divider_height_tablet=&#8221;90px&#8221; bottom_divider_height_phone=&#8221;80px&#8221;][et_pb_row column_structure=&#8221;2_3,1_3&#8243; custom_padding_last_edited=&#8221;on|phone&#8221; _builder_version=&#8221;4.4.5&#8243; custom_margin_tablet=&#8221;&#8221; custom_margin_phone=&#8221;&#8221; custom_margin_last_edited=&#8221;on|phone&#8221; custom_padding=&#8221;||0px||false|false&#8221; custom_padding_tablet=&#8221;&#8221; custom_padding_phone=&#8221;||6px|||&#8221; custom_width_px=&#8221;1280px&#8221;][et_pb_column type=&#8221;2_3&#8243; _builder_version=&#8221;4.4.2&#8243; custom_padding_tablet=&#8221;&#8221; custom_padding_phone=&#8221;&#8221; custom_padding_last_edited=&#8221;on|phone&#8221; custom_padding__hover=&#8221;|||&#8221;][et_pb_text _builder_version=&#8221;4.4.5&#8243; text_font=&#8221;Montserrat||||||||&#8221; text_text_color=&#8221;rgba(255,255,255,0.7)&#8221; text_font_size=&#8221;20px&#8221; text_line_height=&#8221;1.8em&#8221; header_font=&#8221;Montserrat|700|||||||&#8221; header_font_size=&#8221;44px&#8221; header_line_height=&#8221;1.4em&#8221; header_2_font=&#8221;Montserrat|700|||||||&#8221; header_2_font_size=&#8221;36px&#8221; header_2_letter_spacing=&#8221;2px&#8221; header_6_font=&#8221;Montserrat|600||on|||||&#8221; header_6_text_color=&#8221;#FFFFFF&#8221; header_6_font_size=&#8221;16px&#8221; header_6_letter_spacing=&#8221;2px&#8221; header_6_line_height=&#8221;1.5em&#8221; background_layout=&#8221;dark&#8221; max_width=&#8221;780px&#8221; custom_margin=&#8221;||-40px||false|false&#8221; custom_padding=&#8221;||0px||false|false&#8221; custom_padding_tablet=&#8221;&#8221; custom_padding_phone=&#8221;&#8221; custom_padding_last_edited=&#8221;on|phone&#8221; text_font_size_tablet=&#8221;&#8221; text_font_size_phone=&#8221;15px&#8221; text_font_size_last_edited=&#8221;on|phone&#8221; header_font_size_tablet=&#8221;&#8221; header_font_size_phone=&#8221;28px&#8221; header_font_size_last_edited=&#8221;on|phone&#8221;]<\/p>\n<h6>PAST EVENTS<\/h6>\n<p>[\/et_pb_text][\/et_pb_column][et_pb_column type=&#8221;1_3&#8243; _builder_version=&#8221;4.4.2&#8243; custom_padding__hover=&#8221;|||&#8221;][\/et_pb_column][\/et_pb_row][\/et_pb_section][et_pb_section fb_built=&#8221;1&#8243; _builder_version=&#8221;4.4.2&#8243; background_color=&#8221;#f5f6f4&#8243; custom_padding=&#8221;7px|||||&#8221;][et_pb_row _builder_version=&#8221;4.4.2&#8243;][et_pb_column type=&#8221;4_4&#8243; _builder_version=&#8221;4.4.2&#8243;][decm_event_display show_location=&#8221;on&#8221; show_past=&#8221;on&#8221; event_count=&#8221;50&#8243; date_format=&#8221;j M, Y&#8221; columns=&#8221;4&#8243; open_toggle_background_color=&#8221;#f5f6f4&#8243; cards_spacing=&#8221;0px||||false|false&#8221; event_inner_spacing=&#8221;20px|20px|20px|20px|true|true&#8221; view_more_text=&#8221;DETALLES&#8221; thumbnail_padding=&#8221;||15px||false|false&#8221; _builder_version=&#8221;4.4.8&#8243; title_font=&#8221;Montserrat|600|||||||&#8221; title_font_size=&#8221;18px&#8221; title_line_height=&#8221;1.6em&#8221; duration_font=&#8221;Lato||||||||&#8221; duration_font_size=&#8221;14px&#8221; duration_line_height=&#8221;1.7em&#8221; excerpt_font=&#8221;Lato||||||||&#8221; excerpt_font_size=&#8221;15px&#8221; background_enable_color=&#8221;off&#8221; custom_view_more=&#8221;on&#8221; view_more_text_size=&#8221;16px&#8221; view_more_text_color=&#8221;#384b77&#8243; view_more_bg_color=&#8221;#9fd5d1&#8243; view_more_border_width=&#8221;1px&#8221; view_more_border_color=&#8221;#384b77&#8243; view_more_font=&#8221;Montserrat||||||||&#8221; custom_margin=&#8221;0px||||false|false&#8221; hover_enabled=&#8221;0&#8243; border_width_all=&#8221;2px&#8221; border_color_all=&#8221;#d8d8d8&#8243;][\/decm_event_display][\/et_pb_column][\/et_pb_row][\/et_pb_section][et_pb_section fb_built=&#8221;1&#8243; _builder_version=&#8221;4.4.5&#8243; background_color=&#8221;#384b77&#8243; width=&#8221;100%&#8221; custom_padding=&#8221;10px||19px||false|false&#8221; global_module=&#8221;5565&#8243; saved_tabs=&#8221;all&#8221;][et_pb_row column_structure=&#8221;1_4,1_4,1_4,1_4&#8243; use_custom_gutter=&#8221;on&#8221; gutter_width=&#8221;2&#8243; _builder_version=&#8221;4.4.5&#8243; custom_padding=&#8221;||5px|||&#8221;][et_pb_column type=&#8221;1_4&#8243; _builder_version=&#8221;4.4.5&#8243;][et_pb_image src=&#8221;https:\/\/cendhy.cl\/wp-content\/uploads\/2020\/05\/logo-u-chile.png&#8221; title_text=&#8221;logo-u-chile&#8221; _builder_version=&#8221;4.4.5&#8243;][\/et_pb_image][\/et_pb_column][et_pb_column type=&#8221;1_4&#8243; _builder_version=&#8221;4.4.5&#8243;][et_pb_image src=&#8221;https:\/\/cendhy.cl\/wp-content\/uploads\/2020\/05\/logo-puc.png&#8221; title_text=&#8221;logo-puc&#8221; _builder_version=&#8221;4.4.5&#8243;][\/et_pb_image][\/et_pb_column][et_pb_column type=&#8221;1_4&#8243; _builder_version=&#8221;4.4.5&#8243;][et_pb_image src=&#8221;https:\/\/cendhy.cl\/wp-content\/uploads\/2020\/05\/logo-unab2.png&#8221; title_text=&#8221;logo-unab2&#8243; _builder_version=&#8221;4.4.5&#8243; custom_margin=&#8221;||45px||false|false&#8221;][\/et_pb_image][\/et_pb_column][et_pb_column type=&#8221;1_4&#8243; _builder_version=&#8221;4.4.5&#8243; custom_padding=&#8221;|0px||0px|false|true&#8221;][et_pb_image src=&#8221;https:\/\/cendhy.cl\/wp-content\/uploads\/2020\/05\/logo-anid-bco.png&#8221; title_text=&#8221;logo-anid-bco&#8221; show_bottom_space=&#8221;off&#8221; _builder_version=&#8221;4.4.5&#8243;][\/et_pb_image][\/et_pb_column][\/et_pb_row][et_pb_row column_structure=&#8221;1_4,1_2,1_4&#8243; _builder_version=&#8221;4.4.5&#8243; custom_padding=&#8221;5px|||||&#8221;][et_pb_column type=&#8221;1_4&#8243; _builder_version=&#8221;4.4.5&#8243;][et_pb_text _builder_version=&#8221;4.4.5&#8243; header_5_font=&#8221;|700|||||||&#8221; header_5_text_color=&#8221;#f5f6f4&#8243; header_5_font_size=&#8221;18px&#8221; text_orientation=&#8221;right&#8221;]<\/p>\n<h5>CENDHY<\/h5>\n<p>[\/et_pb_text][\/et_pb_column][et_pb_column type=&#8221;1_2&#8243; _builder_version=&#8221;4.4.5&#8243;][et_pb_text _builder_version=&#8221;4.4.5&#8243; text_text_color=&#8221;#ffffff&#8221; header_5_font=&#8221;|700|||||||&#8221; header_5_text_color=&#8221;#f5f6f4&#8243; header_5_font_size=&#8221;20px&#8221; header_5_line_height=&#8221;1.5em&#8221; custom_padding=&#8221;||0px||false|false&#8221;]Santos Dumont 964, Independencia, Santiago de Chile.<br \/>\nPhones: +56 2 2354 8468 \/ +56 2 2354 5827<br \/>\nEmail: contacto@cendhy.cl[\/et_pb_text][\/et_pb_column][et_pb_column type=&#8221;1_4&#8243; _builder_version=&#8221;4.4.5&#8243;][et_pb_button button_text=&#8221;View Map&#8221; button_alignment=&#8221;left&#8221; _builder_version=&#8221;4.4.5&#8243; custom_button=&#8221;on&#8221; button_text_size=&#8221;15px&#8221; button_text_color=&#8221;#384b77&#8243; button_bg_color=&#8221;#f7d000&#8243; button_border_width=&#8221;0px&#8221; button_border_radius=&#8221;4px&#8221;][\/et_pb_button][\/et_pb_column][\/et_pb_row][\/et_pb_section]<\/p>\n","protected":false},"excerpt":{"rendered":"<p>PAST EVENTS<div class=\"et_pb_module decm_event_display decm_event_display_0 et_pb_bg_layout_ \">\n\t\t\t\t\n\t\t\t\t\n\t\t\t\t\n\t\t\t\t\n\t\t\t\t\n\t\t\t\t\n\t\t\t\t<div class=\"et_pb_module_inner\">\n\t\t\t\t\t\r\n\t\t\t\t<style><\/style><div class=\" \">\r\n\t\t\t\t\t\r\n\t\t\t\t\t\r\n\t\t\t\t\t<div class= \"\">\r\n\t\t\t\t\t\t<div class=\"events-results-message\">There are no upcoming events at this time.<\/div>\r\n\t\t\r\n\t\t<input type=\"hidden\" name=\"eventfeed_prev_page\" id=\"eventfeed_prev_page\" value=\"0\">\r\n\t\t<input type=\"hidden\" name=\"eventfeed_current_page\" id=\"eventfeed_current_page\" value=\"1\">\r\n\t\t<input type=\"hidden\" name=\"eventfeed_page\" id=\"eventfeed_page\" value=\"load_more\">\r\n\t\t<input type=\"hidden\" name=\"eventfeed_current_pagination_page\" id=\"eventfeed_current_pagination_page\" value=\"1\">\r\n\t\t<input type=\"hidden\" name=\"module_css_feed\" id=\"module_css_feed\" value=\"\">\r\n\t\t<input type=\"hidden\" name=\"module-css-class\" id=\"module-css-class\" value=\"\" \/>\r\n\t\t<input type=\"hidden\" name=\"dec-eventfeed-category\" id=\"dec-eventfeed-category\" value=\"\">\r\n\t\t<input type=\"hidden\" name=\"dec-eventfeed-tag\" id=\"dec-eventfeed-tag\" value=\"\">\r\n\t\t<input type=\"hidden\" name=\"dec-eventfeed-order\" id=\"dec-eventfeed-order\" value=\"\">\r\n\t\t<input type=\"hidden\" name=\"dec-eventfeed-venue\" id=\"dec-eventfeed-venue\" value=\"\">\r\n\t\t<input type=\"hidden\" name=\"dec-eventfeed-organizer\" id=\"dec-eventfeed-organizer\" value=\"\">\r\n\t\t<input type=\"hidden\" name=\"dec-filter-search\" id=\"dec-filter-search\" value=\"\">\r\n\t\t<input type=\"hidden\" name=\"dec-eventfeed-time\" id=\"dec-eventfeed-time\" value=\"\">\r\n\t\t<input type=\"hidden\" name=\"dec-eventfeed-day\" id=\"dec-eventfeed-day\" value=\"\">\r\n\t\t<input type=\"hidden\" name=\"dec-eventfeed-month\" id=\"dec-eventfeed-month\" value=\"\">\r\n\t\t<input type=\"hidden\" name=\"dec-eventfeed-year\" id=\"dec-eventfeed-year\" value=\"\">\r\n\t\t<input type=\"hidden\" name=\"EventcostMin\" id=\"EventcostMin\" value=\"\">\r\n\t\t<input type=\"hidden\" name=\"EventcostMax\" id=\"EventcostMax\" value=\"\">\r\n\t\t<input type=\"hidden\" name=\"EventendDate\" id=\"EventendDate\" value=\"\">\r\n\t\t<input type=\"hidden\" name=\"EventstartDate\" id=\"EventstartDate\" value=\"\">\r\n\t\t<input type=\"hidden\" name=\"dec-eventfeed-country\" id=\"dec-eventfeed-country\" value=\"\">\r\n\t\t<input type=\"hidden\" name=\"dec-eventfeed-city\" id=\"dec-eventfeed-city\" value=\"\">\r\n\t\t<input type=\"hidden\" name=\"dec-eventfeed-state\" id=\"dec-eventfeed-state\" value=\"\">\r\n\t\t<input type=\"hidden\" name=\"dec-eventfeed-status\" id=\"dec-eventfeed-status\" value=\"\">\r\n\t\t<input type=\"hidden\" name=\"dec-eventfeed-address\" id=\"dec-eventfeed-address\" value=\"\">\r\n\t\t<input type=\"hidden\" name=\"dec-eventfeed-module-class\" id=\"dec-eventfeed-module-class\" value=\".decm_event_display_0\">\r\n\t\t<input type=\"hidden\" name=\"dec-eventfeed-page-translation\" id=\"dec-eventfeed-page-translation\" value=\"Page\">\r\n\t\t<input type=\"hidden\" name=\"dec-eventfeed-first-translation\" id=\"dec-eventfeed-first-translation\" value=\"First\">\r\n\t\t<input type=\"hidden\" name=\"dec-eventfeed-last-translation\" id=\"dec-eventfeed-last-translation\" value=\"Last\">\r\n\t\t\r\n\r\n\t\t<input type=\"hidden\" name=\"eventfeed_max_page\" id=\"eventfeed_max_page\" value=\"0\"><input type=\"hidden\" name=\"eventfeed_load_img\" id=\"eventfeed_load_img\" value=\"https:\/\/cendhy.cl\/wp-content\/plugins\/divi-event-calendar-module\/includes\/modules\/EventDisplay\/ajax-loader.gif\">\r\n\t\t\t\t\t<\/div>\r\n\t\t\t\t<\/div>\r\n\t\t\t\t<script>\r\n\r\n\t\t\t\t\r\n\t\t\t\tjQuery(document).ready(function($) {\r\n\t\t\t\t\t$('.ecs-event-pagination').on(\"click\", \"a\", function () {\r\n\t\t\t\t\t\tevent.preventDefault();\r\n\t\t\t\t\t\t$('#eventfeed_current_pagination_page').val();\r\n\t\t\t\t\t\t$(\"input[name='eventfeed_current_pagination_page']\").val($(this).attr(\"pn\"));\r\n\t\t\t\t\t});\t\t    \t\r\n\t\r\n\t\t\t\t\t$('.decm_event_display_0').addClass(\"\");\r\n\t\t\t\t\r\n\t\t\t\r\n\r\n\t\t\tvar setHeightColumns = function(){ \r\n\t\t\t\tvar column_loop_row = 0;\r\n\t\t\t\tvar column_height = 0;\r\n\t\t\t\tvar overlay_height = 0;\r\n\t\t\t\tvar ids = [];\r\n\t\t\t\tvar total_Count = 0;\r\n\t\t\t\tvar total_Events = jQuery('.decm_event_display_0 .ecs-event-posts').length; \r\n\t\t\t\tjQuery('.decm_event_display_0 .ecs-event-posts').each(function(){\r\n\t\t\t\t++column_loop_row;\r\n\t\t\t\t++total_Count;\r\n\t\t\t\tvar Event_id = jQuery(this).children('article')[0].id;\r\n\t\t\t\tids.push(Event_id);\r\n\t\t\t\tcolumn_height = jQuery(this).find('#'+Event_id).children('.row').height() >= column_height ? jQuery(this).find('#'+Event_id).children('.row').height() : column_height;\r\n\t\t\t\toverlay_height =\r\n\t\t\t\tjQuery(this).find('.decm-cover-overlay-details').height() >= overlay_height ? jQuery(this).find('.decm-cover-image-overlay').height() : overlay_height;\r\n\t\t\t\tif(column_loop_row == &#8221;4&#8243; || total_Count == total_Events)\r\n\t\t\t\t{      \r\n\t\t\t\t\tids.map(function(id,index){\r\n\t\t\t\t\t\tvar tempHeight = parseInt(column_height) - parseInt(jQuery('.decm_event_display_0 #'+id+' .row > div:first-child').height());jQuery('.decm_event_display_0 #'+id+' .row > div > div:last-child').css('height',\"auto\");\r\n\t\t\t\t\t\t\r\n\t\t\t\t\t});  \r\n\t\t\t\t\tcolumn_loop_row = 0;\r\n\t\t\t\t\tcolumn_height = 0;\r\n\t\t\t\t\tids = [];\r\n\t\t\t\t}\r\n\t\t\t\t});\r\n\t\t\t\t\r\n\t\t\t}\r\n\t\tvar checkImagesLoad = function(){\r\n\t\t\r\n\t\t\r\n\t\tPromise.all(\r\n\t\t\tArray.from(jQuery(\".decm_event_display_0 .ecs-event-posts img\")).\r\n\t\t\t\tfilter(img => !img.complete).\r\n\t\t\t\tmap(img => new Promise(resolve => {\r\n\t\t\t\t\t\timg.onload = img.onerror = resolve; \r\n\t\t\t\t\t}))).then(() => {\r\n\t\t\t\t\t\tsetHeightColumns();\r\n\t\t\t\t\t});\r\n\t\t\t\t\t\r\n\t\t\t\t\/*var imgs  = jQuery(\".decm_event_display_0_tb_body .ecs-event-posts img\"),\r\n\t\t\t\tlen = imgs.length,\r\n\t\t\t\tcounter = 0;\r\n\t\t\t\t[].forEach.call( imgs, function( img ) {\r\n\t\t\t\t\tif(img.complete)\r\n\t\t\t\t\t  incrementCounter();\r\n\t\t\t\t\telse\r\n\t\t\t\t\t  img.addEventListener( \"load\", incrementCounter, false );\r\n\t\t\t\t} );\r\n\r\n\t\t\t\tfunction incrementCounter() {\r\n\t\t\t\t\tcounter++;\r\n\t\t\t\t\tif ( counter === len ) {\r\n\t\t\t\t\t\tdebugger;\r\n\t\t\t\t\t\tsetHeightColumns();\r\n\t\t\t\t\t}\r\n\t\t\t\t}*\/\r\n\t\t\t}\r\n\t\t\t\r\n\t\t\tsetTimeout(checkImagesLoad, 2000);\r\n\t\t\tjQuery(window).on('resize',function(){\r\n\t\t\t\tvar screenWidth = jQuery(this).width();\r\n\r\n\r\n\t\t\t\tif(screenWidth > 1199){\r\n\t\t\t\t\t\r\n\t\t\t\t\tif(document.readyState == 'complete')\r\n\t\t\t\t\t checkImagesLoad();\r\n\t\t\t\t}\r\n\t\t\t\telse{\r\n\t\t\t\t\tjQuery('.decm_event_display_0 .ecs-event-posts').each(function(){\r\n\t\t\t\t\t\tvar id = jQuery(this).children('article')[0].id;\r\n\t\t\t\t\t\t\r\n\t\tjQuery('.decm_event_display_0 #'+id+' .row > div:first-child').css('height','100%');\r\n\t\tjQuery('.decm_event_display_0 #'+id+' .row > div:last-child').css('height','100%');\r\n\t\tjQuery('.decm_event_display_0 p.ecs-showdetail').css({\"position\":\"unset\",\"width\":\"auto\" });\r\n\t\t\r\n\t\t\t\t\t\t});\r\n\t\t\t\t}\r\n\r\n\t\t\t});\t\r\n\r\n\t\t});\t\r\n\t\t\t<\/script>\r\n\t\t\t\t\r\n\t\t\t\n\t\t\t\t<\/div>\n\t\t\t<\/div><\/p>\n","protected":false},"author":1,"featured_media":0,"parent":0,"menu_order":0,"comment_status":"closed","ping_status":"closed","template":"","meta":{"_et_pb_use_builder":"on","_et_pb_old_content":"","_et_gb_content_width":"","footnotes":""},"class_list":["post-6466","page","type-page","status-publish","hentry"],"yoast_head":"<!-- This site is optimized with the Yoast SEO plugin v27.4 - https:\/\/yoast.com\/product\/yoast-seo-wordpress\/ -->\n<title>Past Events - Cendhy, centro de nuevos f\u00e1rmacos para hipertensi\u00f3n e insuficiencia card\u00edaca<\/title>\n<meta name=\"robots\" content=\"index, follow, max-snippet:-1, max-image-preview:large, max-video-preview:-1\" \/>\n<link rel=\"canonical\" href=\"https:\/\/cendhy.cl\/en\/past-events\/\" \/>\n<meta property=\"og:locale\" content=\"en_US\" \/>\n<meta property=\"og:type\" content=\"article\" \/>\n<meta property=\"og:title\" content=\"Past Events - Cendhy, centro de nuevos f\u00e1rmacos para hipertensi\u00f3n e insuficiencia card\u00edaca\" \/>\n<meta property=\"og:description\" content=\"PAST EVENTS\" \/>\n<meta property=\"og:url\" content=\"https:\/\/cendhy.cl\/en\/past-events\/\" \/>\n<meta property=\"og:site_name\" content=\"Cendhy, centro de nuevos f\u00e1rmacos para hipertensi\u00f3n e insuficiencia card\u00edaca\" \/>\n<meta property=\"article:publisher\" content=\"https:\/\/www.facebook.com\/Cendhy-100888214943347\/\" \/>\n<meta name=\"twitter:card\" content=\"summary_large_image\" \/>\n<meta name=\"twitter:site\" content=\"@CENDHY_CL\" \/>\n<meta name=\"twitter:label1\" content=\"Est. reading time\" \/>\n\t<meta name=\"twitter:data1\" content=\"4 minutes\" \/>\n<script type=\"application\/ld+json\" class=\"yoast-schema-graph\">{\"@context\":\"https:\\\/\\\/schema.org\",\"@graph\":[{\"@type\":\"WebPage\",\"@id\":\"https:\\\/\\\/cendhy.cl\\\/en\\\/past-events\\\/\",\"url\":\"https:\\\/\\\/cendhy.cl\\\/en\\\/past-events\\\/\",\"name\":\"Past Events - Cendhy, centro de nuevos f\u00e1rmacos para hipertensi\u00f3n e insuficiencia card\u00edaca\",\"isPartOf\":{\"@id\":\"https:\\\/\\\/cendhy.cl\\\/en\\\/#website\"},\"datePublished\":\"2020-07-02T22:26:33+00:00\",\"breadcrumb\":{\"@id\":\"https:\\\/\\\/cendhy.cl\\\/en\\\/past-events\\\/#breadcrumb\"},\"inLanguage\":\"en-US\",\"potentialAction\":[{\"@type\":\"ReadAction\",\"target\":[\"https:\\\/\\\/cendhy.cl\\\/en\\\/past-events\\\/\"]}]},{\"@type\":\"BreadcrumbList\",\"@id\":\"https:\\\/\\\/cendhy.cl\\\/en\\\/past-events\\\/#breadcrumb\",\"itemListElement\":[{\"@type\":\"ListItem\",\"position\":1,\"name\":\"Portada\",\"item\":\"https:\\\/\\\/cendhy.cl\\\/en\\\/\"},{\"@type\":\"ListItem\",\"position\":2,\"name\":\"Past Events\"}]},{\"@type\":\"WebSite\",\"@id\":\"https:\\\/\\\/cendhy.cl\\\/en\\\/#website\",\"url\":\"https:\\\/\\\/cendhy.cl\\\/en\\\/\",\"name\":\"Cendhy, centro de nuevos f\u00e1rmacos para hipertensi\u00f3n\",\"description\":\"Centro de investigaci\u00f3n de nuevos f\u00e1rmacos para hipertensi\u00f3n e insuficiencia card\u00edaca\",\"publisher\":{\"@id\":\"https:\\\/\\\/cendhy.cl\\\/en\\\/#organization\"},\"potentialAction\":[{\"@type\":\"SearchAction\",\"target\":{\"@type\":\"EntryPoint\",\"urlTemplate\":\"https:\\\/\\\/cendhy.cl\\\/en\\\/?s={search_term_string}\"},\"query-input\":{\"@type\":\"PropertyValueSpecification\",\"valueRequired\":true,\"valueName\":\"search_term_string\"}}],\"inLanguage\":\"en-US\"},{\"@type\":\"Organization\",\"@id\":\"https:\\\/\\\/cendhy.cl\\\/en\\\/#organization\",\"name\":\"CENDHY\",\"url\":\"https:\\\/\\\/cendhy.cl\\\/en\\\/\",\"logo\":{\"@type\":\"ImageObject\",\"inLanguage\":\"en-US\",\"@id\":\"https:\\\/\\\/cendhy.cl\\\/en\\\/#\\\/schema\\\/logo\\\/image\\\/\",\"url\":\"https:\\\/\\\/cendhy.cl\\\/wp-content\\\/uploads\\\/2020\\\/04\\\/logo-horizontal-esp-329x95-1.png\",\"contentUrl\":\"https:\\\/\\\/cendhy.cl\\\/wp-content\\\/uploads\\\/2020\\\/04\\\/logo-horizontal-esp-329x95-1.png\",\"width\":329,\"height\":95,\"caption\":\"CENDHY\"},\"image\":{\"@id\":\"https:\\\/\\\/cendhy.cl\\\/en\\\/#\\\/schema\\\/logo\\\/image\\\/\"},\"sameAs\":[\"https:\\\/\\\/www.facebook.com\\\/Cendhy-100888214943347\\\/\",\"https:\\\/\\\/x.com\\\/CENDHY_CL\",\"https:\\\/\\\/www.instagram.com\\\/cendhy_cl\\\/?hl=es-la\",\"https:\\\/\\\/www.linkedin.com\\\/in\\\/cendhy-cl-b10a991a6\\\/\",\"https:\\\/\\\/www.youtube.com\\\/channel\\\/UCZg1EKBkMgKde86H0CpGQLg\"]}]}<\/script>\n<!-- \/ Yoast SEO plugin. -->","yoast_head_json":{"title":"Past Events - Cendhy, centro de nuevos f\u00e1rmacos para hipertensi\u00f3n e insuficiencia card\u00edaca","robots":{"index":"index","follow":"follow","max-snippet":"max-snippet:-1","max-image-preview":"max-image-preview:large","max-video-preview":"max-video-preview:-1"},"canonical":"https:\/\/cendhy.cl\/en\/past-events\/","og_locale":"en_US","og_type":"article","og_title":"Past Events - Cendhy, centro de nuevos f\u00e1rmacos para hipertensi\u00f3n e insuficiencia card\u00edaca","og_description":"PAST EVENTS","og_url":"https:\/\/cendhy.cl\/en\/past-events\/","og_site_name":"Cendhy, centro de nuevos f\u00e1rmacos para hipertensi\u00f3n e insuficiencia card\u00edaca","article_publisher":"https:\/\/www.facebook.com\/Cendhy-100888214943347\/","twitter_card":"summary_large_image","twitter_site":"@CENDHY_CL","twitter_misc":{"Est. reading time":"4 minutes"},"schema":{"@context":"https:\/\/schema.org","@graph":[{"@type":"WebPage","@id":"https:\/\/cendhy.cl\/en\/past-events\/","url":"https:\/\/cendhy.cl\/en\/past-events\/","name":"Past Events - Cendhy, centro de nuevos f\u00e1rmacos para hipertensi\u00f3n e insuficiencia card\u00edaca","isPartOf":{"@id":"https:\/\/cendhy.cl\/en\/#website"},"datePublished":"2020-07-02T22:26:33+00:00","breadcrumb":{"@id":"https:\/\/cendhy.cl\/en\/past-events\/#breadcrumb"},"inLanguage":"en-US","potentialAction":[{"@type":"ReadAction","target":["https:\/\/cendhy.cl\/en\/past-events\/"]}]},{"@type":"BreadcrumbList","@id":"https:\/\/cendhy.cl\/en\/past-events\/#breadcrumb","itemListElement":[{"@type":"ListItem","position":1,"name":"Portada","item":"https:\/\/cendhy.cl\/en\/"},{"@type":"ListItem","position":2,"name":"Past Events"}]},{"@type":"WebSite","@id":"https:\/\/cendhy.cl\/en\/#website","url":"https:\/\/cendhy.cl\/en\/","name":"Cendhy, centro de nuevos f\u00e1rmacos para hipertensi\u00f3n","description":"Centro de investigaci\u00f3n de nuevos f\u00e1rmacos para hipertensi\u00f3n e insuficiencia card\u00edaca","publisher":{"@id":"https:\/\/cendhy.cl\/en\/#organization"},"potentialAction":[{"@type":"SearchAction","target":{"@type":"EntryPoint","urlTemplate":"https:\/\/cendhy.cl\/en\/?s={search_term_string}"},"query-input":{"@type":"PropertyValueSpecification","valueRequired":true,"valueName":"search_term_string"}}],"inLanguage":"en-US"},{"@type":"Organization","@id":"https:\/\/cendhy.cl\/en\/#organization","name":"CENDHY","url":"https:\/\/cendhy.cl\/en\/","logo":{"@type":"ImageObject","inLanguage":"en-US","@id":"https:\/\/cendhy.cl\/en\/#\/schema\/logo\/image\/","url":"https:\/\/cendhy.cl\/wp-content\/uploads\/2020\/04\/logo-horizontal-esp-329x95-1.png","contentUrl":"https:\/\/cendhy.cl\/wp-content\/uploads\/2020\/04\/logo-horizontal-esp-329x95-1.png","width":329,"height":95,"caption":"CENDHY"},"image":{"@id":"https:\/\/cendhy.cl\/en\/#\/schema\/logo\/image\/"},"sameAs":["https:\/\/www.facebook.com\/Cendhy-100888214943347\/","https:\/\/x.com\/CENDHY_CL","https:\/\/www.instagram.com\/cendhy_cl\/?hl=es-la","https:\/\/www.linkedin.com\/in\/cendhy-cl-b10a991a6\/","https:\/\/www.youtube.com\/channel\/UCZg1EKBkMgKde86H0CpGQLg"]}]}},"_links":{"self":[{"href":"https:\/\/cendhy.cl\/en\/wp-json\/wp\/v2\/pages\/6466","targetHints":{"allow":["GET"]}}],"collection":[{"href":"https:\/\/cendhy.cl\/en\/wp-json\/wp\/v2\/pages"}],"about":[{"href":"https:\/\/cendhy.cl\/en\/wp-json\/wp\/v2\/types\/page"}],"author":[{"embeddable":true,"href":"https:\/\/cendhy.cl\/en\/wp-json\/wp\/v2\/users\/1"}],"replies":[{"embeddable":true,"href":"https:\/\/cendhy.cl\/en\/wp-json\/wp\/v2\/comments?post=6466"}],"version-history":[{"count":1,"href":"https:\/\/cendhy.cl\/en\/wp-json\/wp\/v2\/pages\/6466\/revisions"}],"predecessor-version":[{"id":6467,"href":"https:\/\/cendhy.cl\/en\/wp-json\/wp\/v2\/pages\/6466\/revisions\/6467"}],"wp:attachment":[{"href":"https:\/\/cendhy.cl\/en\/wp-json\/wp\/v2\/media?parent=6466"}],"curies":[{"name":"wp","href":"https:\/\/api.w.org\/{rel}","templated":true}]}}