{"id":6426,"date":"2020-06-23T16:15:56","date_gmt":"2020-06-23T20:15:56","guid":{"rendered":"https:\/\/cendhy.cl\/downloadable\/"},"modified":"2020-08-17T10:09:07","modified_gmt":"2020-08-17T14:09:07","slug":"downloadable","status":"publish","type":"page","link":"https:\/\/cendhy.cl\/en\/downloadable\/","title":{"rendered":"Downloads"},"content":{"rendered":"<p>[et_pb_section fb_built=&#8221;1&#8243; _builder_version=&#8221;4.4.8&#8243; background_color=&#8221;#384b77&#8243; custom_padding=&#8221;0px||0px||false|false&#8221;][et_pb_row _builder_version=&#8221;4.4.8&#8243;][et_pb_column type=&#8221;4_4&#8243; _builder_version=&#8221;4.4.8&#8243;][et_pb_text _builder_version=&#8221;4.4.8&#8243; header_2_text_color=&#8221;#f5f6f4&#8243;]<\/p>\n<h2>DOWNLOADS<\/h2>\n<p>[\/et_pb_text][\/et_pb_column][\/et_pb_row][\/et_pb_section][et_pb_section fb_built=&#8221;1&#8243; _builder_version=&#8221;4.4.8&#8243; custom_padding=&#8221;22px|||||&#8221;][et_pb_row use_custom_gutter=&#8221;on&#8221; gutter_width=&#8221;2&#8243; _builder_version=&#8221;4.4.8&#8243; custom_padding=&#8221;||41px|||&#8221;][et_pb_column type=&#8221;4_4&#8243; _builder_version=&#8221;4.4.8&#8243;][et_pb_text _builder_version=&#8221;4.4.8&#8243;]As CENDHY, from our experience in scientific research in the area of pharmaceutical chemistry, biochemistry, molecular biotechnology, nanotechnology and cardiovascular medicine, we have prepared downloadable material with relevant and evidence-based information to contribute to health care and better quality of life.[\/et_pb_text][\/et_pb_column][\/et_pb_row][et_pb_row column_structure=&#8221;1_4,1_4,1_4,1_4&#8243; use_custom_gutter=&#8221;on&#8221; gutter_width=&#8221;2&#8243; _builder_version=&#8221;4.4.8&#8243;][et_pb_column type=&#8221;1_4&#8243; _builder_version=&#8221;4.4.8&#8243;][et_pb_blurb title=&#8221;GU\u00cdA DE F\u00c1RMACOS ANTIHIPERTENSIVOS&#8221; url=&#8221;https:\/\/cendhy.cl\/wp-content\/uploads\/2020\/06\/Descargable-gui\u0301a-antihipertensivos.pdf&#8221; url_new_window=&#8221;on&#8221; image=&#8221;https:\/\/cendhy.cl\/wp-content\/uploads\/2020\/06\/guia-de-farmacos.png&#8221; alt=&#8221;gu\u00eda de f\u00e1rmacos anti hipertensivos&#8221; _builder_version=&#8221;4.5.1&#8243; _module_preset=&#8221;default&#8221; header_text_align=&#8221;center&#8221; header_line_height=&#8221;1.2em&#8221; child_mix_blend_mode=&#8221;multiply&#8221; link_option_url=&#8221;https:\/\/cendhy.cl\/wp-content\/uploads\/2020\/06\/Descargable-gui\u0301a-antihipertensivos.pdf&#8221; link_option_url_new_window=&#8221;on&#8221; hover_enabled=&#8221;0&#8243; custom_css_blurb_image=&#8221;margin-bottom:10px;&#8221; border_width_all=&#8221;1px&#8221; header_level=&#8221;h5&#8243;][\/et_pb_blurb][et_pb_blurb title=&#8221;FACTORES DE RIESGO DE ENFERMEDAD CARDIOVASCULAR EN MUJERES&#8221; url=&#8221;https:\/\/cendhy.cl\/wp-content\/uploads\/2020\/06\/Descargable-Riesgo-cardiovascular-mujeres.pdf&#8221; url_new_window=&#8221;on&#8221; image=&#8221;https:\/\/cendhy.cl\/wp-content\/uploads\/2020\/06\/descargable-riesgo-cardiovascular-mujeres.jpg&#8221; alt=&#8221;control de la presi\u00f3n arterial en casa&#8221; _builder_version=&#8221;4.5.1&#8243; _module_preset=&#8221;default&#8221; header_text_align=&#8221;center&#8221; header_line_height=&#8221;1.2em&#8221; child_mix_blend_mode=&#8221;multiply&#8221; link_option_url=&#8221;https:\/\/cendhy.cl\/wp-content\/uploads\/2020\/06\/Descargable-Riesgo-cardiovascular-mujeres.pdf&#8221; link_option_url_new_window=&#8221;on&#8221; hover_enabled=&#8221;0&#8243; custom_css_blurb_image=&#8221;margin-bottom:10px;&#8221; border_width_all=&#8221;1px&#8221; header_level=&#8221;h5&#8243;][\/et_pb_blurb][et_pb_blurb title=&#8221;CONTROL DE LA PRESI\u00d3N ARTERIAL EN CASA&#8221; url=&#8221;https:\/\/cendhy.cl\/wp-content\/uploads\/2020\/08\/Descargable-Control-de-la-presio\u0301n-arterial-en-casa.pdf&#8221; image=&#8221;https:\/\/cendhy.cl\/wp-content\/uploads\/2020\/08\/control-presion-arterial-en-casa.png&#8221; alt=&#8221;control de la presi\u00f3n arterial en casa&#8221; _builder_version=&#8221;4.5.1&#8243; _module_preset=&#8221;default&#8221; header_text_align=&#8221;center&#8221; header_line_height=&#8221;1.2em&#8221; child_mix_blend_mode=&#8221;multiply&#8221; link_option_url=&#8221;https:\/\/cendhy.cl\/wp-content\/uploads\/2020\/08\/Descargable-Control-de-la-presio\u0301n-arterial-en-casa.pdf&#8221; link_option_url_new_window=&#8221;on&#8221; hover_enabled=&#8221;0&#8243; custom_css_blurb_image=&#8221;margin-bottom:10px;&#8221; border_width_all=&#8221;1px&#8221; header_level=&#8221;h5&#8243;][\/et_pb_blurb][\/et_pb_column][et_pb_column type=&#8221;1_4&#8243; _builder_version=&#8221;4.4.8&#8243;][et_pb_blurb title=&#8221;C\u00d3MO PREPARAR CLORO PARA DESINFECTAR AMBIENTES&#8221; url=&#8221;https:\/\/cendhy.cl\/wp-content\/uploads\/2020\/06\/Descargable-desinfeccio\u0301n-con-cloro.pdf&#8221; url_new_window=&#8221;on&#8221; image=&#8221;https:\/\/cendhy.cl\/wp-content\/uploads\/2020\/06\/descargable-desinfeccion-con-cloro-scaled.jpg&#8221; alt=&#8221;Calendario medicamentos&#8221; _builder_version=&#8221;4.5.1&#8243; _module_preset=&#8221;default&#8221; header_text_align=&#8221;center&#8221; header_line_height=&#8221;1.2em&#8221; child_mix_blend_mode=&#8221;multiply&#8221; link_option_url=&#8221;https:\/\/cendhy.cl\/wp-content\/uploads\/2020\/06\/Descargable-desinfeccio\u0301n-con-cloro.pdf&#8221; link_option_url_new_window=&#8221;on&#8221; hover_enabled=&#8221;0&#8243; custom_css_blurb_image=&#8221;margin-bottom:10px;&#8221; border_width_all=&#8221;1px&#8221; header_level=&#8221;h5&#8243;][\/et_pb_blurb][et_pb_blurb title=&#8221;CALENDARIO DE MEDICAMENTOS&#8221; url=&#8221;https:\/\/cendhy.cl\/wp-content\/uploads\/2020\/06\/descargable-calendario-medicamentos-1.jpg&#8221; url_new_window=&#8221;on&#8221; image=&#8221;https:\/\/cendhy.cl\/wp-content\/uploads\/2020\/06\/descargable-calendario-medicamentos-1.jpg&#8221; alt=&#8221;Calendario medicamentos&#8221; _builder_version=&#8221;4.5.1&#8243; _module_preset=&#8221;default&#8221; header_text_align=&#8221;center&#8221; header_line_height=&#8221;1.2em&#8221; child_mix_blend_mode=&#8221;multiply&#8221; link_option_url=&#8221;https:\/\/cendhy.cl\/wp-content\/uploads\/2020\/06\/descargable-calendario-medicamentos-1.jpg&#8221; link_option_url_new_window=&#8221;on&#8221; hover_enabled=&#8221;0&#8243; custom_css_blurb_image=&#8221;margin-bottom:10px;&#8221; border_width_all=&#8221;1px&#8221; header_level=&#8221;h5&#8243;][\/et_pb_blurb][et_pb_blurb title=&#8221;CALENDARIO PARA ANTICOAGULANTES&#8221; url=&#8221;https:\/\/cendhy.cl\/wp-content\/uploads\/2020\/06\/Descargable-Calendario-medicamentos-1.pdf&#8221; url_new_window=&#8221;on&#8221; image=&#8221;https:\/\/cendhy.cl\/wp-content\/uploads\/2020\/08\/calendario-para-anticoagulantes.png&#8221; alt=&#8221;calendario para anticoagulantes&#8221; _builder_version=&#8221;4.5.1&#8243; _module_preset=&#8221;default&#8221; header_text_align=&#8221;center&#8221; header_line_height=&#8221;1.2em&#8221; child_mix_blend_mode=&#8221;multiply&#8221; link_option_url=&#8221;https:\/\/cendhy.cl\/wp-content\/uploads\/2020\/06\/Descargable-Calendario-medicamentos-1.pdf&#8221; link_option_url_new_window=&#8221;on&#8221; hover_enabled=&#8221;0&#8243; custom_css_blurb_image=&#8221;margin-bottom:10px;&#8221; border_width_all=&#8221;1px&#8221; header_level=&#8221;h5&#8243;][\/et_pb_blurb][\/et_pb_column][et_pb_column type=&#8221;1_4&#8243; _builder_version=&#8221;4.4.8&#8243;][et_pb_blurb title=&#8221;HIPERTENSI\u00d3N ARTERIAL&#8221; url=&#8221;https:\/\/cendhy.cl\/wp-content\/uploads\/2020\/06\/Descargable-HTA.pdf&#8221; url_new_window=&#8221;on&#8221; image=&#8221;https:\/\/cendhy.cl\/wp-content\/uploads\/2020\/06\/descargable-hta.jpg&#8221; alt=&#8221;hipertensi\u00f3n arterial&#8221; _builder_version=&#8221;4.5.1&#8243; _module_preset=&#8221;default&#8221; header_text_align=&#8221;center&#8221; header_line_height=&#8221;1.2em&#8221; child_mix_blend_mode=&#8221;multiply&#8221; link_option_url=&#8221;https:\/\/cendhy.cl\/wp-content\/uploads\/2020\/06\/Descargable-HTA.pdf&#8221; link_option_url_new_window=&#8221;on&#8221; hover_enabled=&#8221;0&#8243; custom_css_blurb_image=&#8221;margin-bottom:10px;&#8221; border_width_all=&#8221;1px&#8221; header_level=&#8221;h5&#8243;][\/et_pb_blurb][et_pb_blurb title=&#8221;CALENDARIO DE MEDICAMENTOS 2&#8243; url=&#8221;https:\/\/cendhy.cl\/wp-content\/uploads\/2020\/06\/calendario-medicamentos-2-2.pdf&#8221; url_new_window=&#8221;on&#8221; image=&#8221;https:\/\/cendhy.cl\/wp-content\/uploads\/2020\/06\/calendario-medicamentos2.2.png&#8221; alt=&#8221;MI DIARIO DE PRESI\u00d3N ARTERIAL&#8221; _builder_version=&#8221;4.5.1&#8243; _module_preset=&#8221;default&#8221; header_text_align=&#8221;center&#8221; header_line_height=&#8221;1.2em&#8221; child_mix_blend_mode=&#8221;multiply&#8221; link_option_url=&#8221;https:\/\/cendhy.cl\/wp-content\/uploads\/2020\/06\/calendario-medicamentos-2-2.pdf&#8221; link_option_url_new_window=&#8221;on&#8221; hover_enabled=&#8221;0&#8243; custom_css_blurb_image=&#8221;margin-bottom:10px;&#8221; border_width_all=&#8221;1px&#8221; header_level=&#8221;h5&#8243;][\/et_pb_blurb][et_pb_blurb title=&#8221;MI DIARIO DE PRESI\u00d3N ARTERIAL&#8221; url=&#8221;https:\/\/cendhy.cl\/wp-content\/uploads\/2020\/08\/Descargable-Mi-diario-de-presio\u0301n-arterial.pdf&#8221; url_new_window=&#8221;on&#8221; image=&#8221;https:\/\/cendhy.cl\/wp-content\/uploads\/2020\/08\/mi-diario-de-presion-arterial.png&#8221; alt=&#8221;MI DIARIO DE PRESI\u00d3N ARTERIAL&#8221; _builder_version=&#8221;4.5.1&#8243; _module_preset=&#8221;default&#8221; header_text_align=&#8221;center&#8221; header_line_height=&#8221;1.2em&#8221; child_mix_blend_mode=&#8221;multiply&#8221; link_option_url=&#8221;https:\/\/cendhy.cl\/wp-content\/uploads\/2020\/08\/Descargable-Mi-diario-de-presio\u0301n-arterial.pdf&#8221; link_option_url_new_window=&#8221;on&#8221; hover_enabled=&#8221;0&#8243; custom_css_blurb_image=&#8221;margin-bottom:10px;&#8221; border_width_all=&#8221;1px&#8221; header_level=&#8221;h5&#8243;][\/et_pb_blurb][\/et_pb_column][et_pb_column type=&#8221;1_4&#8243; _builder_version=&#8221;4.4.8&#8243;][et_pb_blurb title=&#8221;MITO Y REALIDAD&#8221; url=&#8221;https:\/\/cendhy.cl\/wp-content\/uploads\/2020\/06\/Descargable-mito-fecha-de-vencimiento.pdf&#8221; url_new_window=&#8221;on&#8221; image=&#8221;https:\/\/cendhy.cl\/wp-content\/uploads\/2020\/06\/descargable-mito-fecha-de-vencimiento-scaled.jpg&#8221; alt=&#8221;Descargable sobre los seis grandes no de la automedicacion&#8221; _builder_version=&#8221;4.5.1&#8243; _module_preset=&#8221;default&#8221; header_text_align=&#8221;center&#8221; header_line_height=&#8221;1.2em&#8221; child_mix_blend_mode=&#8221;multiply&#8221; link_option_url=&#8221;https:\/\/cendhy.cl\/wp-content\/uploads\/2020\/06\/Descargable-mito-fecha-de-vencimiento.pdf&#8221; link_option_url_new_window=&#8221;on&#8221; hover_enabled=&#8221;0&#8243; custom_css_blurb_image=&#8221;margin-bottom:10px;&#8221; border_width_all=&#8221;1px&#8221; header_level=&#8221;h5&#8243;][\/et_pb_blurb][et_pb_blurb title=&#8221;LOS 6 GRANDES NO DE LA AUTOMEDICACI\u00d3N&#8221; url=&#8221;https:\/\/cendhy.cl\/wp-content\/uploads\/2020\/07\/Descargable-automedicacio\u0301n.pdf&#8221; url_new_window=&#8221;on&#8221; image=&#8221;https:\/\/cendhy.cl\/wp-content\/uploads\/2020\/07\/seis-grandes-no-de-la-medicacion.jpg&#8221; alt=&#8221;Descargable sobre los seis grandes no de la automedicacion&#8221; _builder_version=&#8221;4.5.1&#8243; _module_preset=&#8221;default&#8221; header_text_align=&#8221;center&#8221; header_line_height=&#8221;1.2em&#8221; child_mix_blend_mode=&#8221;multiply&#8221; link_option_url=&#8221;https:\/\/cendhy.cl\/wp-content\/uploads\/2020\/07\/Descargable-automedicacio\u0301n.pdf&#8221; link_option_url_new_window=&#8221;on&#8221; hover_enabled=&#8221;0&#8243; custom_css_blurb_image=&#8221;margin-bottom:10px;&#8221; border_width_all=&#8221;1px&#8221; header_level=&#8221;h5&#8243;][\/et_pb_blurb][\/et_pb_column][\/et_pb_row][\/et_pb_section]<\/p>\n","protected":false},"excerpt":{"rendered":"<p>DOWNLOADSAs CENDHY, from our experience in scientific research in the area of pharmaceutical chemistry, biochemistry, molecular biotechnology, nanotechnology and cardiovascular medicine, we have prepared downloadable material with relevant and evidence-based [&hellip;]<\/p>\n","protected":false},"author":2,"featured_media":0,"parent":0,"menu_order":0,"comment_status":"closed","ping_status":"closed","template":"","meta":{"_et_pb_use_builder":"on","_et_pb_old_content":"","_et_gb_content_width":"","footnotes":""},"class_list":["post-6426","page","type-page","status-publish","hentry"],"yoast_head":"<!-- This site is optimized with the Yoast SEO plugin v27.5 - https:\/\/yoast.com\/product\/yoast-seo-wordpress\/ -->\n<title>Downloads - Cendhy, centro de nuevos f\u00e1rmacos para hipertensi\u00f3n e insuficiencia card\u00edaca<\/title>\n<meta name=\"robots\" content=\"index, follow, max-snippet:-1, max-image-preview:large, max-video-preview:-1\" \/>\n<link rel=\"canonical\" href=\"https:\/\/cendhy.cl\/en\/downloadable\/\" \/>\n<meta property=\"og:locale\" content=\"en_US\" \/>\n<meta property=\"og:type\" content=\"article\" \/>\n<meta property=\"og:title\" content=\"Downloads - Cendhy, centro de nuevos f\u00e1rmacos para hipertensi\u00f3n e insuficiencia card\u00edaca\" \/>\n<meta property=\"og:description\" content=\"DOWNLOADSAs CENDHY, from our experience in scientific research in the area of pharmaceutical chemistry, biochemistry, molecular biotechnology, nanotechnology and cardiovascular medicine, we have prepared downloadable material with relevant and evidence-based [&hellip;]\" \/>\n<meta property=\"og:url\" content=\"https:\/\/cendhy.cl\/en\/downloadable\/\" \/>\n<meta property=\"og:site_name\" content=\"Cendhy, centro de nuevos f\u00e1rmacos para hipertensi\u00f3n e insuficiencia card\u00edaca\" \/>\n<meta property=\"article:publisher\" content=\"https:\/\/www.facebook.com\/Cendhy-100888214943347\/\" \/>\n<meta property=\"article:modified_time\" content=\"2020-08-17T14:09:07+00:00\" \/>\n<meta name=\"twitter:card\" content=\"summary_large_image\" \/>\n<meta name=\"twitter:site\" content=\"@CENDHY_CL\" \/>\n<meta name=\"twitter:label1\" content=\"Est. reading time\" \/>\n\t<meta name=\"twitter:data1\" content=\"6 minutes\" \/>\n<script type=\"application\/ld+json\" class=\"yoast-schema-graph\">{\"@context\":\"https:\\\/\\\/schema.org\",\"@graph\":[{\"@type\":\"WebPage\",\"@id\":\"https:\\\/\\\/cendhy.cl\\\/en\\\/downloadable\\\/\",\"url\":\"https:\\\/\\\/cendhy.cl\\\/en\\\/downloadable\\\/\",\"name\":\"Downloads - Cendhy, centro de nuevos f\u00e1rmacos para hipertensi\u00f3n e insuficiencia card\u00edaca\",\"isPartOf\":{\"@id\":\"https:\\\/\\\/cendhy.cl\\\/en\\\/#website\"},\"datePublished\":\"2020-06-23T20:15:56+00:00\",\"dateModified\":\"2020-08-17T14:09:07+00:00\",\"breadcrumb\":{\"@id\":\"https:\\\/\\\/cendhy.cl\\\/en\\\/downloadable\\\/#breadcrumb\"},\"inLanguage\":\"en-US\",\"potentialAction\":[{\"@type\":\"ReadAction\",\"target\":[\"https:\\\/\\\/cendhy.cl\\\/en\\\/downloadable\\\/\"]}]},{\"@type\":\"BreadcrumbList\",\"@id\":\"https:\\\/\\\/cendhy.cl\\\/en\\\/downloadable\\\/#breadcrumb\",\"itemListElement\":[{\"@type\":\"ListItem\",\"position\":1,\"name\":\"Portada\",\"item\":\"https:\\\/\\\/cendhy.cl\\\/en\\\/\"},{\"@type\":\"ListItem\",\"position\":2,\"name\":\"Downloads\"}]},{\"@type\":\"WebSite\",\"@id\":\"https:\\\/\\\/cendhy.cl\\\/en\\\/#website\",\"url\":\"https:\\\/\\\/cendhy.cl\\\/en\\\/\",\"name\":\"Cendhy, centro de nuevos f\u00e1rmacos para hipertensi\u00f3n\",\"description\":\"Centro de investigaci\u00f3n de nuevos f\u00e1rmacos para hipertensi\u00f3n e insuficiencia card\u00edaca\",\"publisher\":{\"@id\":\"https:\\\/\\\/cendhy.cl\\\/en\\\/#organization\"},\"potentialAction\":[{\"@type\":\"SearchAction\",\"target\":{\"@type\":\"EntryPoint\",\"urlTemplate\":\"https:\\\/\\\/cendhy.cl\\\/en\\\/?s={search_term_string}\"},\"query-input\":{\"@type\":\"PropertyValueSpecification\",\"valueRequired\":true,\"valueName\":\"search_term_string\"}}],\"inLanguage\":\"en-US\"},{\"@type\":\"Organization\",\"@id\":\"https:\\\/\\\/cendhy.cl\\\/en\\\/#organization\",\"name\":\"CENDHY\",\"url\":\"https:\\\/\\\/cendhy.cl\\\/en\\\/\",\"logo\":{\"@type\":\"ImageObject\",\"inLanguage\":\"en-US\",\"@id\":\"https:\\\/\\\/cendhy.cl\\\/en\\\/#\\\/schema\\\/logo\\\/image\\\/\",\"url\":\"https:\\\/\\\/cendhy.cl\\\/wp-content\\\/uploads\\\/2020\\\/04\\\/logo-horizontal-esp-329x95-1.png\",\"contentUrl\":\"https:\\\/\\\/cendhy.cl\\\/wp-content\\\/uploads\\\/2020\\\/04\\\/logo-horizontal-esp-329x95-1.png\",\"width\":329,\"height\":95,\"caption\":\"CENDHY\"},\"image\":{\"@id\":\"https:\\\/\\\/cendhy.cl\\\/en\\\/#\\\/schema\\\/logo\\\/image\\\/\"},\"sameAs\":[\"https:\\\/\\\/www.facebook.com\\\/Cendhy-100888214943347\\\/\",\"https:\\\/\\\/x.com\\\/CENDHY_CL\",\"https:\\\/\\\/www.instagram.com\\\/cendhy_cl\\\/?hl=es-la\",\"https:\\\/\\\/www.linkedin.com\\\/in\\\/cendhy-cl-b10a991a6\\\/\",\"https:\\\/\\\/www.youtube.com\\\/channel\\\/UCZg1EKBkMgKde86H0CpGQLg\"]}]}<\/script>\n<!-- \/ Yoast SEO plugin. -->","yoast_head_json":{"title":"Downloads - Cendhy, centro de nuevos f\u00e1rmacos para hipertensi\u00f3n e insuficiencia card\u00edaca","robots":{"index":"index","follow":"follow","max-snippet":"max-snippet:-1","max-image-preview":"max-image-preview:large","max-video-preview":"max-video-preview:-1"},"canonical":"https:\/\/cendhy.cl\/en\/downloadable\/","og_locale":"en_US","og_type":"article","og_title":"Downloads - Cendhy, centro de nuevos f\u00e1rmacos para hipertensi\u00f3n e insuficiencia card\u00edaca","og_description":"DOWNLOADSAs CENDHY, from our experience in scientific research in the area of pharmaceutical chemistry, biochemistry, molecular biotechnology, nanotechnology and cardiovascular medicine, we have prepared downloadable material with relevant and evidence-based [&hellip;]","og_url":"https:\/\/cendhy.cl\/en\/downloadable\/","og_site_name":"Cendhy, centro de nuevos f\u00e1rmacos para hipertensi\u00f3n e insuficiencia card\u00edaca","article_publisher":"https:\/\/www.facebook.com\/Cendhy-100888214943347\/","article_modified_time":"2020-08-17T14:09:07+00:00","twitter_card":"summary_large_image","twitter_site":"@CENDHY_CL","twitter_misc":{"Est. reading time":"6 minutes"},"schema":{"@context":"https:\/\/schema.org","@graph":[{"@type":"WebPage","@id":"https:\/\/cendhy.cl\/en\/downloadable\/","url":"https:\/\/cendhy.cl\/en\/downloadable\/","name":"Downloads - Cendhy, centro de nuevos f\u00e1rmacos para hipertensi\u00f3n e insuficiencia card\u00edaca","isPartOf":{"@id":"https:\/\/cendhy.cl\/en\/#website"},"datePublished":"2020-06-23T20:15:56+00:00","dateModified":"2020-08-17T14:09:07+00:00","breadcrumb":{"@id":"https:\/\/cendhy.cl\/en\/downloadable\/#breadcrumb"},"inLanguage":"en-US","potentialAction":[{"@type":"ReadAction","target":["https:\/\/cendhy.cl\/en\/downloadable\/"]}]},{"@type":"BreadcrumbList","@id":"https:\/\/cendhy.cl\/en\/downloadable\/#breadcrumb","itemListElement":[{"@type":"ListItem","position":1,"name":"Portada","item":"https:\/\/cendhy.cl\/en\/"},{"@type":"ListItem","position":2,"name":"Downloads"}]},{"@type":"WebSite","@id":"https:\/\/cendhy.cl\/en\/#website","url":"https:\/\/cendhy.cl\/en\/","name":"Cendhy, centro de nuevos f\u00e1rmacos para hipertensi\u00f3n","description":"Centro de investigaci\u00f3n de nuevos f\u00e1rmacos para hipertensi\u00f3n e insuficiencia card\u00edaca","publisher":{"@id":"https:\/\/cendhy.cl\/en\/#organization"},"potentialAction":[{"@type":"SearchAction","target":{"@type":"EntryPoint","urlTemplate":"https:\/\/cendhy.cl\/en\/?s={search_term_string}"},"query-input":{"@type":"PropertyValueSpecification","valueRequired":true,"valueName":"search_term_string"}}],"inLanguage":"en-US"},{"@type":"Organization","@id":"https:\/\/cendhy.cl\/en\/#organization","name":"CENDHY","url":"https:\/\/cendhy.cl\/en\/","logo":{"@type":"ImageObject","inLanguage":"en-US","@id":"https:\/\/cendhy.cl\/en\/#\/schema\/logo\/image\/","url":"https:\/\/cendhy.cl\/wp-content\/uploads\/2020\/04\/logo-horizontal-esp-329x95-1.png","contentUrl":"https:\/\/cendhy.cl\/wp-content\/uploads\/2020\/04\/logo-horizontal-esp-329x95-1.png","width":329,"height":95,"caption":"CENDHY"},"image":{"@id":"https:\/\/cendhy.cl\/en\/#\/schema\/logo\/image\/"},"sameAs":["https:\/\/www.facebook.com\/Cendhy-100888214943347\/","https:\/\/x.com\/CENDHY_CL","https:\/\/www.instagram.com\/cendhy_cl\/?hl=es-la","https:\/\/www.linkedin.com\/in\/cendhy-cl-b10a991a6\/","https:\/\/www.youtube.com\/channel\/UCZg1EKBkMgKde86H0CpGQLg"]}]}},"_links":{"self":[{"href":"https:\/\/cendhy.cl\/en\/wp-json\/wp\/v2\/pages\/6426","targetHints":{"allow":["GET"]}}],"collection":[{"href":"https:\/\/cendhy.cl\/en\/wp-json\/wp\/v2\/pages"}],"about":[{"href":"https:\/\/cendhy.cl\/en\/wp-json\/wp\/v2\/types\/page"}],"author":[{"embeddable":true,"href":"https:\/\/cendhy.cl\/en\/wp-json\/wp\/v2\/users\/2"}],"replies":[{"embeddable":true,"href":"https:\/\/cendhy.cl\/en\/wp-json\/wp\/v2\/comments?post=6426"}],"version-history":[{"count":6,"href":"https:\/\/cendhy.cl\/en\/wp-json\/wp\/v2\/pages\/6426\/revisions"}],"predecessor-version":[{"id":6844,"href":"https:\/\/cendhy.cl\/en\/wp-json\/wp\/v2\/pages\/6426\/revisions\/6844"}],"wp:attachment":[{"href":"https:\/\/cendhy.cl\/en\/wp-json\/wp\/v2\/media?parent=6426"}],"curies":[{"name":"wp","href":"https:\/\/api.w.org\/{rel}","templated":true}]}}