{"id":5799,"date":"2020-05-05T19:40:24","date_gmt":"2020-05-05T23:40:24","guid":{"rendered":"https:\/\/cendhy.cl\/contact\/"},"modified":"2020-08-17T10:25:10","modified_gmt":"2020-08-17T14:25:10","slug":"contact","status":"publish","type":"page","link":"https:\/\/cendhy.cl\/en\/contact\/","title":{"rendered":"CONTACT US"},"content":{"rendered":"<p>[et_pb_section fb_built=&#8221;1&#8243; admin_label=&#8221;Contact Info&#8221; _builder_version=&#8221;3.22&#8243; background_color=&#8221;#edeffa&#8221; background_color_gradient_direction=&#8221;0deg&#8221; custom_padding=&#8221;|||&#8221;][et_pb_row column_structure=&#8221;1_3,2_3&#8243; padding_top_bottom_link_1=&#8221;true&#8221; padding_left_right_link_1=&#8221;false&#8221; _builder_version=&#8221;4.5.1&#8243; background_color=&#8221;#ffffff&#8221; custom_margin=&#8221;||40px|&#8221; custom_padding=&#8221;0|0px|0|0px|false|false&#8221; animation_style=&#8221;fold&#8221; animation_intensity_fold=&#8221;10%&#8221; hover_enabled=&#8221;0&#8243; border_radii=&#8221;on|6px|6px|6px|6px&#8221; box_shadow_style=&#8221;preset1&#8243; box_shadow_vertical=&#8221;10px&#8221; box_shadow_blur=&#8221;40px&#8221; box_shadow_color=&#8221;rgba(0,0,0,0.05)&#8221;][et_pb_column type=&#8221;1_3&#8243; _builder_version=&#8221;4.5.1&#8243; custom_padding=&#8221;40px||40px|40px|false|false&#8221; custom_padding_tablet=&#8221;40px|30px|0px|30px|false|true&#8221; custom_padding_phone=&#8221;&#8221; custom_padding_last_edited=&#8221;on|tablet&#8221; hover_enabled=&#8221;0&#8243; padding_tablet=&#8221;40px|30px|0px|30px|false|true&#8221; padding_last_edited=&#8221;on|tablet&#8221; custom_padding__hover=&#8221;|||&#8221;][et_pb_blurb title=&#8221;Adress&#8221; admin_label=&#8221;Contact Info&#8221; _builder_version=&#8221;4.5.1&#8243; header_font=&#8221;Montserrat||||||||&#8221; header_font_size=&#8221;16px&#8221; header_line_height=&#8221;1.5em&#8221; body_font=&#8221;Montserrat||||||||&#8221; body_text_color=&#8221;#4f4b4b&#8221; custom_margin=&#8221;0px||||false|false&#8221; custom_padding=&#8221;1px||||false|false&#8221; hover_enabled=&#8221;0&#8243; border_radii=&#8221;on|10px|10px|10px|10px&#8221;]Santos Dumont 964, Independencia, Santiago de Chile.[\/et_pb_blurb][et_pb_blurb title=&#8221;Phones&#8221; admin_label=&#8221;Contact Info&#8221; _builder_version=&#8221;4.5.1&#8243; header_font=&#8221;Montserrat||||||||&#8221; header_font_size=&#8221;16px&#8221; header_line_height=&#8221;1.5em&#8221; body_font=&#8221;Montserrat||||||||&#8221; body_text_color=&#8221;#4f4b4b&#8221; custom_margin=&#8221;|||&#8221; custom_padding=&#8221;|||&#8221; hover_enabled=&#8221;0&#8243; border_radii=&#8221;on|10px|10px|10px|10px&#8221;]+56 2 2354 8468 \/ +56 2 2354 5827[\/et_pb_blurb][et_pb_blurb title=&#8221;Email&#8221; admin_label=&#8221;Contact Info&#8221; _builder_version=&#8221;4.4.5&#8243; header_font=&#8221;Montserrat||||||||&#8221; header_font_size=&#8221;16px&#8221; header_line_height=&#8221;1.5em&#8221; body_font=&#8221;Montserrat||||||||&#8221; body_text_color=&#8221;#4f4b4b&#8221; body_line_height=&#8221;1.8em&#8221; custom_margin=&#8221;|||&#8221; custom_padding=&#8221;|||&#8221; border_radii=&#8221;on|10px|10px|10px|10px&#8221;]contacto@cendhy.cl[\/et_pb_blurb][\/et_pb_column][et_pb_column type=&#8221;2_3&#8243; _builder_version=&#8221;4.5.1&#8243; custom_padding=&#8221;||0px||false|false&#8221; hover_enabled=&#8221;0&#8243; custom_padding__hover=&#8221;|||&#8221;][et_pb_code _builder_version=&#8221;4.5.1&#8243; custom_padding=&#8221;|0px|||false|false&#8221; hover_enabled=&#8221;0&#8243;]<\/p>\n<div class=\"map-responsive\"><!-- [et_pb_line_break_holder] --> <iframe loading=\"lazy\" style=\"border: 0;\" tabindex=\"0\" src=\"https:\/\/www.google.com\/maps\/embed?pb=!1m18!1m12!1m3!1d6660.159931081965!2d-70.65722426777845!3d-33.421159503394435!2m3!1f0!2f0!3f0!3m2!1i1024!2i768!4f13.1!3m3!1m2!1s0x9662c5c6c28e3acb%3A0xc57446e3e13c48f8!2sSantos%20Dumont%20964%2C%20Independencia%2C%20Regi%C3%B3n%20Metropolitana!5e0!3m2!1ses-419!2scl!4v1588721670318!5m2!1ses-419!2scl\" width=\"600\" height=\"450\" frameborder=\"0\" allowfullscreen=\"allowfullscreen\" aria-hidden=\"false\"><\/iframe><!-- [et_pb_line_break_holder] --><\/div>\n<p>[\/et_pb_code][\/et_pb_column][\/et_pb_row][et_pb_row _builder_version=&#8221;3.25&#8243;][et_pb_column type=&#8221;4_4&#8243; _builder_version=&#8221;3.25&#8243; custom_padding=&#8221;|||&#8221; custom_padding__hover=&#8221;|||&#8221;][et_pb_contact_form email=&#8221;comunicaciones@cendhy.cl&#8221; custom_message=&#8221;Este mensaje ha sido enviado desde cendhy.cl||et_pb_line_break_holder||Nombre: %%Name%%||et_pb_line_break_holder||Email: %%Email%%||et_pb_line_break_holder||Mensaje: %%Message%%&#8221; module_id=&#8221;et_pb_contact_form_0&#8243; _builder_version=&#8221;4.4.5&#8243; form_field_background_color=&#8221;#ffffff&#8221; form_field_font=&#8221;Montserrat||||||||&#8221; custom_button=&#8221;on&#8221; button_text_size=&#8221;15px&#8221; button_text_color=&#8221;#ffffff&#8221; button_bg_color=&#8221;#384b77&#8243; button_border_width=&#8221;12px&#8221; button_border_color=&#8221;rgba(0,0,0,0)&#8221; button_border_radius=&#8221;5px&#8221; button_font=&#8221;Montserrat|700||on|||||&#8221; button_use_icon=&#8221;off&#8221; module_alignment=&#8221;center&#8221; border_radii=&#8221;on|6px|6px|6px|6px&#8221; form_background_color=&#8221;rgba(0,0,0,0.06)&#8221; button_text_color_hover=&#8221;#ffffff&#8221; button_bg_color_hover=&#8221;rgba(1,77,183,0.8)&#8221; button_border_radius_hover=&#8221;100px&#8221;][et_pb_contact_field field_id=&#8221;Name&#8221; field_title=&#8221;Name&#8221; _builder_version=&#8221;4.4.5&#8243; button_text_size__hover_enabled=&#8221;off&#8221; button_one_text_size__hover_enabled=&#8221;off&#8221; button_two_text_size__hover_enabled=&#8221;off&#8221; button_text_color__hover_enabled=&#8221;off&#8221; button_one_text_color__hover_enabled=&#8221;off&#8221; button_two_text_color__hover_enabled=&#8221;off&#8221; button_border_width__hover_enabled=&#8221;off&#8221; button_one_border_width__hover_enabled=&#8221;off&#8221; button_two_border_width__hover_enabled=&#8221;off&#8221; button_border_color__hover_enabled=&#8221;off&#8221; button_one_border_color__hover_enabled=&#8221;off&#8221; button_two_border_color__hover_enabled=&#8221;off&#8221; button_border_radius__hover_enabled=&#8221;off&#8221; button_one_border_radius__hover_enabled=&#8221;off&#8221; button_two_border_radius__hover_enabled=&#8221;off&#8221; button_letter_spacing__hover_enabled=&#8221;off&#8221; button_one_letter_spacing__hover_enabled=&#8221;off&#8221; button_two_letter_spacing__hover_enabled=&#8221;off&#8221; button_bg_color__hover_enabled=&#8221;off&#8221; button_one_bg_color__hover_enabled=&#8221;off&#8221; button_two_bg_color__hover_enabled=&#8221;off&#8221;][\/et_pb_contact_field][et_pb_contact_field field_id=&#8221;Email&#8221; field_title=&#8221;Email &#8221; field_type=&#8221;email&#8221; _builder_version=&#8221;4.4.5&#8243; button_text_size__hover_enabled=&#8221;off&#8221; button_one_text_size__hover_enabled=&#8221;off&#8221; button_two_text_size__hover_enabled=&#8221;off&#8221; button_text_color__hover_enabled=&#8221;off&#8221; button_one_text_color__hover_enabled=&#8221;off&#8221; button_two_text_color__hover_enabled=&#8221;off&#8221; button_border_width__hover_enabled=&#8221;off&#8221; button_one_border_width__hover_enabled=&#8221;off&#8221; button_two_border_width__hover_enabled=&#8221;off&#8221; button_border_color__hover_enabled=&#8221;off&#8221; button_one_border_color__hover_enabled=&#8221;off&#8221; button_two_border_color__hover_enabled=&#8221;off&#8221; button_border_radius__hover_enabled=&#8221;off&#8221; button_one_border_radius__hover_enabled=&#8221;off&#8221; button_two_border_radius__hover_enabled=&#8221;off&#8221; button_letter_spacing__hover_enabled=&#8221;off&#8221; button_one_letter_spacing__hover_enabled=&#8221;off&#8221; button_two_letter_spacing__hover_enabled=&#8221;off&#8221; button_bg_color__hover_enabled=&#8221;off&#8221; button_one_bg_color__hover_enabled=&#8221;off&#8221; button_two_bg_color__hover_enabled=&#8221;off&#8221;][\/et_pb_contact_field][et_pb_contact_field field_id=&#8221;Message&#8221; field_title=&#8221;Message&#8221; field_type=&#8221;text&#8221; fullwidth_field=&#8221;on&#8221; _builder_version=&#8221;4.4.5&#8243; button_text_size__hover_enabled=&#8221;off&#8221; button_one_text_size__hover_enabled=&#8221;off&#8221; button_two_text_size__hover_enabled=&#8221;off&#8221; button_text_color__hover_enabled=&#8221;off&#8221; button_one_text_color__hover_enabled=&#8221;off&#8221; button_two_text_color__hover_enabled=&#8221;off&#8221; button_border_width__hover_enabled=&#8221;off&#8221; button_one_border_width__hover_enabled=&#8221;off&#8221; button_two_border_width__hover_enabled=&#8221;off&#8221; button_border_color__hover_enabled=&#8221;off&#8221; button_one_border_color__hover_enabled=&#8221;off&#8221; button_two_border_color__hover_enabled=&#8221;off&#8221; button_border_radius__hover_enabled=&#8221;off&#8221; button_one_border_radius__hover_enabled=&#8221;off&#8221; button_two_border_radius__hover_enabled=&#8221;off&#8221; button_letter_spacing__hover_enabled=&#8221;off&#8221; button_one_letter_spacing__hover_enabled=&#8221;off&#8221; button_two_letter_spacing__hover_enabled=&#8221;off&#8221; button_bg_color__hover_enabled=&#8221;off&#8221; button_one_bg_color__hover_enabled=&#8221;off&#8221; button_two_bg_color__hover_enabled=&#8221;off&#8221;][\/et_pb_contact_field][\/et_pb_contact_form][\/et_pb_column][\/et_pb_row][\/et_pb_section][et_pb_section fb_built=&#8221;1&#8243; _builder_version=&#8221;4.4.5&#8243; background_color=&#8221;#384b77&#8243; width=&#8221;100%&#8221; custom_padding=&#8221;10px||19px||false|false&#8221; global_module=&#8221;5565&#8243; saved_tabs=&#8221;all&#8221;][et_pb_row column_structure=&#8221;1_4,1_4,1_4,1_4&#8243; use_custom_gutter=&#8221;on&#8221; gutter_width=&#8221;2&#8243; _builder_version=&#8221;4.4.5&#8243; custom_padding=&#8221;||5px|||&#8221;][et_pb_column type=&#8221;1_4&#8243; _builder_version=&#8221;4.4.5&#8243;][et_pb_image src=&#8221;https:\/\/cendhy.cl\/wp-content\/uploads\/2020\/05\/logo-u-chile.png&#8221; title_text=&#8221;logo-u-chile&#8221; _builder_version=&#8221;4.4.5&#8243;][\/et_pb_image][\/et_pb_column][et_pb_column type=&#8221;1_4&#8243; _builder_version=&#8221;4.4.5&#8243;][et_pb_image src=&#8221;https:\/\/cendhy.cl\/wp-content\/uploads\/2020\/05\/logo-puc.png&#8221; title_text=&#8221;logo-puc&#8221; _builder_version=&#8221;4.4.5&#8243;][\/et_pb_image][\/et_pb_column][et_pb_column type=&#8221;1_4&#8243; _builder_version=&#8221;4.4.5&#8243;][et_pb_image src=&#8221;https:\/\/cendhy.cl\/wp-content\/uploads\/2020\/05\/logo-unab2.png&#8221; title_text=&#8221;logo-unab2&#8243; _builder_version=&#8221;4.4.5&#8243; custom_margin=&#8221;||45px||false|false&#8221;][\/et_pb_image][\/et_pb_column][et_pb_column type=&#8221;1_4&#8243; _builder_version=&#8221;4.4.5&#8243; custom_padding=&#8221;|0px||0px|false|true&#8221;][et_pb_image src=&#8221;https:\/\/cendhy.cl\/wp-content\/uploads\/2020\/05\/logo-anid-bco.png&#8221; title_text=&#8221;logo-anid-bco&#8221; show_bottom_space=&#8221;off&#8221; _builder_version=&#8221;4.4.5&#8243;][\/et_pb_image][\/et_pb_column][\/et_pb_row][et_pb_row column_structure=&#8221;1_4,1_2,1_4&#8243; _builder_version=&#8221;4.4.5&#8243; custom_padding=&#8221;5px|||||&#8221;][et_pb_column type=&#8221;1_4&#8243; _builder_version=&#8221;4.4.5&#8243;][et_pb_text _builder_version=&#8221;4.4.5&#8243; header_5_font=&#8221;|700|||||||&#8221; header_5_text_color=&#8221;#f5f6f4&#8243; header_5_font_size=&#8221;18px&#8221; text_orientation=&#8221;right&#8221;]<\/p>\n<h5>CENDHY<\/h5>\n<p>[\/et_pb_text][\/et_pb_column][et_pb_column type=&#8221;1_2&#8243; _builder_version=&#8221;4.4.5&#8243;][et_pb_text _builder_version=&#8221;4.4.5&#8243; text_text_color=&#8221;#ffffff&#8221; header_5_font=&#8221;|700|||||||&#8221; header_5_text_color=&#8221;#f5f6f4&#8243; header_5_font_size=&#8221;20px&#8221; header_5_line_height=&#8221;1.5em&#8221; custom_padding=&#8221;||0px||false|false&#8221;]Santos Dumont 964, Independencia, Santiago de Chile.<br \/>\nPhones: +56 2 2354 8468 \/ +56 2 2354 5827<br \/>\nEmail: contacto@cendhy.cl[\/et_pb_text][\/et_pb_column][et_pb_column type=&#8221;1_4&#8243; _builder_version=&#8221;4.4.5&#8243;][et_pb_button button_text=&#8221;View Map&#8221; button_alignment=&#8221;left&#8221; _builder_version=&#8221;4.4.5&#8243; custom_button=&#8221;on&#8221; button_text_size=&#8221;15px&#8221; button_text_color=&#8221;#384b77&#8243; button_bg_color=&#8221;#f7d000&#8243; button_border_width=&#8221;0px&#8221; button_border_radius=&#8221;4px&#8221;][\/et_pb_button][\/et_pb_column][\/et_pb_row][\/et_pb_section]<\/p>\n","protected":false},"excerpt":{"rendered":"<p>Santos Dumont 964, Independencia, Santiago de Chile.+56 2 2354 8468 \/ +56 2 2354 5827contacto@cendhy.clCENDHYSantos Dumont 964, Independencia, Santiago de Chile. Phones: +56 2 2354 8468 \/ +56 2 2354 [&hellip;]<\/p>\n","protected":false},"author":1,"featured_media":0,"parent":0,"menu_order":0,"comment_status":"closed","ping_status":"closed","template":"","meta":{"_et_pb_use_builder":"on","_et_pb_old_content":"","_et_gb_content_width":"","footnotes":""},"class_list":["post-5799","page","type-page","status-publish","hentry"],"yoast_head":"<!-- This site is optimized with the Yoast SEO plugin v27.4 - https:\/\/yoast.com\/product\/yoast-seo-wordpress\/ -->\n<title>CONTACT US - Cendhy, centro de nuevos f\u00e1rmacos para hipertensi\u00f3n e insuficiencia card\u00edaca<\/title>\n<meta name=\"robots\" content=\"index, follow, max-snippet:-1, max-image-preview:large, max-video-preview:-1\" \/>\n<link rel=\"canonical\" href=\"https:\/\/cendhy.cl\/en\/contact\/\" \/>\n<meta property=\"og:locale\" content=\"en_US\" \/>\n<meta property=\"og:type\" content=\"article\" \/>\n<meta property=\"og:title\" content=\"CONTACT US - Cendhy, centro de nuevos f\u00e1rmacos para hipertensi\u00f3n e insuficiencia card\u00edaca\" \/>\n<meta property=\"og:description\" content=\"Santos Dumont 964, Independencia, Santiago de Chile.+56 2 2354 8468 \/ +56 2 2354 5827contacto@cendhy.clCENDHYSantos Dumont 964, Independencia, Santiago de Chile. Phones: +56 2 2354 8468 \/ +56 2 2354 [&hellip;]\" \/>\n<meta property=\"og:url\" content=\"https:\/\/cendhy.cl\/en\/contact\/\" \/>\n<meta property=\"og:site_name\" content=\"Cendhy, centro de nuevos f\u00e1rmacos para hipertensi\u00f3n e insuficiencia card\u00edaca\" \/>\n<meta property=\"article:publisher\" content=\"https:\/\/www.facebook.com\/Cendhy-100888214943347\/\" \/>\n<meta property=\"article:modified_time\" content=\"2020-08-17T14:25:10+00:00\" \/>\n<meta name=\"twitter:card\" content=\"summary_large_image\" \/>\n<meta name=\"twitter:site\" content=\"@CENDHY_CL\" \/>\n<meta name=\"twitter:label1\" content=\"Est. reading time\" \/>\n\t<meta name=\"twitter:data1\" content=\"6 minutes\" \/>\n<script type=\"application\/ld+json\" class=\"yoast-schema-graph\">{\"@context\":\"https:\\\/\\\/schema.org\",\"@graph\":[{\"@type\":\"WebPage\",\"@id\":\"https:\\\/\\\/cendhy.cl\\\/en\\\/contact\\\/\",\"url\":\"https:\\\/\\\/cendhy.cl\\\/en\\\/contact\\\/\",\"name\":\"CONTACT US - Cendhy, centro de nuevos f\u00e1rmacos para hipertensi\u00f3n e insuficiencia card\u00edaca\",\"isPartOf\":{\"@id\":\"https:\\\/\\\/cendhy.cl\\\/en\\\/#website\"},\"datePublished\":\"2020-05-05T23:40:24+00:00\",\"dateModified\":\"2020-08-17T14:25:10+00:00\",\"breadcrumb\":{\"@id\":\"https:\\\/\\\/cendhy.cl\\\/en\\\/contact\\\/#breadcrumb\"},\"inLanguage\":\"en-US\",\"potentialAction\":[{\"@type\":\"ReadAction\",\"target\":[\"https:\\\/\\\/cendhy.cl\\\/en\\\/contact\\\/\"]}]},{\"@type\":\"BreadcrumbList\",\"@id\":\"https:\\\/\\\/cendhy.cl\\\/en\\\/contact\\\/#breadcrumb\",\"itemListElement\":[{\"@type\":\"ListItem\",\"position\":1,\"name\":\"Portada\",\"item\":\"https:\\\/\\\/cendhy.cl\\\/en\\\/\"},{\"@type\":\"ListItem\",\"position\":2,\"name\":\"CONTACT US\"}]},{\"@type\":\"WebSite\",\"@id\":\"https:\\\/\\\/cendhy.cl\\\/en\\\/#website\",\"url\":\"https:\\\/\\\/cendhy.cl\\\/en\\\/\",\"name\":\"Cendhy, centro de nuevos f\u00e1rmacos para hipertensi\u00f3n\",\"description\":\"Centro de investigaci\u00f3n de nuevos f\u00e1rmacos para hipertensi\u00f3n e insuficiencia card\u00edaca\",\"publisher\":{\"@id\":\"https:\\\/\\\/cendhy.cl\\\/en\\\/#organization\"},\"potentialAction\":[{\"@type\":\"SearchAction\",\"target\":{\"@type\":\"EntryPoint\",\"urlTemplate\":\"https:\\\/\\\/cendhy.cl\\\/en\\\/?s={search_term_string}\"},\"query-input\":{\"@type\":\"PropertyValueSpecification\",\"valueRequired\":true,\"valueName\":\"search_term_string\"}}],\"inLanguage\":\"en-US\"},{\"@type\":\"Organization\",\"@id\":\"https:\\\/\\\/cendhy.cl\\\/en\\\/#organization\",\"name\":\"CENDHY\",\"url\":\"https:\\\/\\\/cendhy.cl\\\/en\\\/\",\"logo\":{\"@type\":\"ImageObject\",\"inLanguage\":\"en-US\",\"@id\":\"https:\\\/\\\/cendhy.cl\\\/en\\\/#\\\/schema\\\/logo\\\/image\\\/\",\"url\":\"https:\\\/\\\/cendhy.cl\\\/wp-content\\\/uploads\\\/2020\\\/04\\\/logo-horizontal-esp-329x95-1.png\",\"contentUrl\":\"https:\\\/\\\/cendhy.cl\\\/wp-content\\\/uploads\\\/2020\\\/04\\\/logo-horizontal-esp-329x95-1.png\",\"width\":329,\"height\":95,\"caption\":\"CENDHY\"},\"image\":{\"@id\":\"https:\\\/\\\/cendhy.cl\\\/en\\\/#\\\/schema\\\/logo\\\/image\\\/\"},\"sameAs\":[\"https:\\\/\\\/www.facebook.com\\\/Cendhy-100888214943347\\\/\",\"https:\\\/\\\/x.com\\\/CENDHY_CL\",\"https:\\\/\\\/www.instagram.com\\\/cendhy_cl\\\/?hl=es-la\",\"https:\\\/\\\/www.linkedin.com\\\/in\\\/cendhy-cl-b10a991a6\\\/\",\"https:\\\/\\\/www.youtube.com\\\/channel\\\/UCZg1EKBkMgKde86H0CpGQLg\"]}]}<\/script>\n<!-- \/ Yoast SEO plugin. -->","yoast_head_json":{"title":"CONTACT US - Cendhy, centro de nuevos f\u00e1rmacos para hipertensi\u00f3n e insuficiencia card\u00edaca","robots":{"index":"index","follow":"follow","max-snippet":"max-snippet:-1","max-image-preview":"max-image-preview:large","max-video-preview":"max-video-preview:-1"},"canonical":"https:\/\/cendhy.cl\/en\/contact\/","og_locale":"en_US","og_type":"article","og_title":"CONTACT US - Cendhy, centro de nuevos f\u00e1rmacos para hipertensi\u00f3n e insuficiencia card\u00edaca","og_description":"Santos Dumont 964, Independencia, Santiago de Chile.+56 2 2354 8468 \/ +56 2 2354 5827contacto@cendhy.clCENDHYSantos Dumont 964, Independencia, Santiago de Chile. Phones: +56 2 2354 8468 \/ +56 2 2354 [&hellip;]","og_url":"https:\/\/cendhy.cl\/en\/contact\/","og_site_name":"Cendhy, centro de nuevos f\u00e1rmacos para hipertensi\u00f3n e insuficiencia card\u00edaca","article_publisher":"https:\/\/www.facebook.com\/Cendhy-100888214943347\/","article_modified_time":"2020-08-17T14:25:10+00:00","twitter_card":"summary_large_image","twitter_site":"@CENDHY_CL","twitter_misc":{"Est. reading time":"6 minutes"},"schema":{"@context":"https:\/\/schema.org","@graph":[{"@type":"WebPage","@id":"https:\/\/cendhy.cl\/en\/contact\/","url":"https:\/\/cendhy.cl\/en\/contact\/","name":"CONTACT US - Cendhy, centro de nuevos f\u00e1rmacos para hipertensi\u00f3n e insuficiencia card\u00edaca","isPartOf":{"@id":"https:\/\/cendhy.cl\/en\/#website"},"datePublished":"2020-05-05T23:40:24+00:00","dateModified":"2020-08-17T14:25:10+00:00","breadcrumb":{"@id":"https:\/\/cendhy.cl\/en\/contact\/#breadcrumb"},"inLanguage":"en-US","potentialAction":[{"@type":"ReadAction","target":["https:\/\/cendhy.cl\/en\/contact\/"]}]},{"@type":"BreadcrumbList","@id":"https:\/\/cendhy.cl\/en\/contact\/#breadcrumb","itemListElement":[{"@type":"ListItem","position":1,"name":"Portada","item":"https:\/\/cendhy.cl\/en\/"},{"@type":"ListItem","position":2,"name":"CONTACT US"}]},{"@type":"WebSite","@id":"https:\/\/cendhy.cl\/en\/#website","url":"https:\/\/cendhy.cl\/en\/","name":"Cendhy, centro de nuevos f\u00e1rmacos para hipertensi\u00f3n","description":"Centro de investigaci\u00f3n de nuevos f\u00e1rmacos para hipertensi\u00f3n e insuficiencia card\u00edaca","publisher":{"@id":"https:\/\/cendhy.cl\/en\/#organization"},"potentialAction":[{"@type":"SearchAction","target":{"@type":"EntryPoint","urlTemplate":"https:\/\/cendhy.cl\/en\/?s={search_term_string}"},"query-input":{"@type":"PropertyValueSpecification","valueRequired":true,"valueName":"search_term_string"}}],"inLanguage":"en-US"},{"@type":"Organization","@id":"https:\/\/cendhy.cl\/en\/#organization","name":"CENDHY","url":"https:\/\/cendhy.cl\/en\/","logo":{"@type":"ImageObject","inLanguage":"en-US","@id":"https:\/\/cendhy.cl\/en\/#\/schema\/logo\/image\/","url":"https:\/\/cendhy.cl\/wp-content\/uploads\/2020\/04\/logo-horizontal-esp-329x95-1.png","contentUrl":"https:\/\/cendhy.cl\/wp-content\/uploads\/2020\/04\/logo-horizontal-esp-329x95-1.png","width":329,"height":95,"caption":"CENDHY"},"image":{"@id":"https:\/\/cendhy.cl\/en\/#\/schema\/logo\/image\/"},"sameAs":["https:\/\/www.facebook.com\/Cendhy-100888214943347\/","https:\/\/x.com\/CENDHY_CL","https:\/\/www.instagram.com\/cendhy_cl\/?hl=es-la","https:\/\/www.linkedin.com\/in\/cendhy-cl-b10a991a6\/","https:\/\/www.youtube.com\/channel\/UCZg1EKBkMgKde86H0CpGQLg"]}]}},"_links":{"self":[{"href":"https:\/\/cendhy.cl\/en\/wp-json\/wp\/v2\/pages\/5799","targetHints":{"allow":["GET"]}}],"collection":[{"href":"https:\/\/cendhy.cl\/en\/wp-json\/wp\/v2\/pages"}],"about":[{"href":"https:\/\/cendhy.cl\/en\/wp-json\/wp\/v2\/types\/page"}],"author":[{"embeddable":true,"href":"https:\/\/cendhy.cl\/en\/wp-json\/wp\/v2\/users\/1"}],"replies":[{"embeddable":true,"href":"https:\/\/cendhy.cl\/en\/wp-json\/wp\/v2\/comments?post=5799"}],"version-history":[{"count":4,"href":"https:\/\/cendhy.cl\/en\/wp-json\/wp\/v2\/pages\/5799\/revisions"}],"predecessor-version":[{"id":6864,"href":"https:\/\/cendhy.cl\/en\/wp-json\/wp\/v2\/pages\/5799\/revisions\/6864"}],"wp:attachment":[{"href":"https:\/\/cendhy.cl\/en\/wp-json\/wp\/v2\/media?parent=5799"}],"curies":[{"name":"wp","href":"https:\/\/api.w.org\/{rel}","templated":true}]}}