{"id":5737,"date":"2020-05-05T16:02:30","date_gmt":"2020-05-05T20:02:30","guid":{"rendered":"https:\/\/cendhy.cl\/we\/"},"modified":"2020-08-21T16:55:37","modified_gmt":"2020-08-21T20:55:37","slug":"we","status":"publish","type":"page","link":"https:\/\/cendhy.cl\/en\/we\/","title":{"rendered":"ABOUT US"},"content":{"rendered":"<p>[et_pb_section fb_built=&#8221;1&#8243; custom_padding_last_edited=&#8221;on|tablet&#8221; admin_label=&#8221;Hero&#8221; _builder_version=&#8221;4.4.5&#8243; background_color=&#8221;#384b77&#8243; use_background_color_gradient=&#8221;on&#8221; background_color_gradient_start=&#8221;rgba(0,35,119,0.5)&#8221; background_color_gradient_end=&#8221;#384b77&#8243; background_color_gradient_type=&#8221;radial&#8221; background_color_gradient_direction_radial=&#8221;top right&#8221; background_color_gradient_start_position=&#8221;20%&#8221; background_color_gradient_overlays_image=&#8221;on&#8221; background_enable_image=&#8221;off&#8221; custom_padding=&#8221;15px|0px|0px|0px|false|false&#8221; custom_padding_tablet=&#8221;50px||50px||true&#8221; custom_padding_phone=&#8221;|||&#8221; bottom_divider_color=&#8221;rgba(0,0,0,0)&#8221; bottom_divider_height=&#8221;50px&#8221; bottom_divider_flip=&#8221;horizontal&#8221; bottom_divider_height_tablet=&#8221;90px&#8221; bottom_divider_height_phone=&#8221;80px&#8221;][et_pb_row column_structure=&#8221;2_3,1_3&#8243; _builder_version=&#8221;3.25&#8243; custom_width_px=&#8221;1280px&#8221;][et_pb_column type=&#8221;2_3&#8243; _builder_version=&#8221;3.25&#8243; custom_padding=&#8221;|||&#8221; custom_padding__hover=&#8221;|||&#8221;][et_pb_text _builder_version=&#8221;4.4.5&#8243; text_font=&#8221;Montserrat||||||||&#8221; text_text_color=&#8221;rgba(255,255,255,0.7)&#8221; text_font_size=&#8221;20px&#8221; text_line_height=&#8221;1.8em&#8221; header_font=&#8221;Montserrat|700|||||||&#8221; header_font_size=&#8221;44px&#8221; header_line_height=&#8221;1.4em&#8221; header_2_font=&#8221;Montserrat|700|||||||&#8221; header_2_font_size=&#8221;36px&#8221; header_2_letter_spacing=&#8221;2px&#8221; header_3_font=&#8221;|600|||||||&#8221; header_3_font_size=&#8221;26px&#8221; header_3_letter_spacing=&#8221;1px&#8221; header_6_font=&#8221;Montserrat|600||on|||||&#8221; header_6_text_color=&#8221;#FFFFFF&#8221; header_6_font_size=&#8221;16px&#8221; header_6_letter_spacing=&#8221;2px&#8221; header_6_line_height=&#8221;1.5em&#8221; background_layout=&#8221;dark&#8221; max_width=&#8221;780px&#8221; custom_padding=&#8221;||0px||false|false&#8221; text_font_size_tablet=&#8221;&#8221; text_font_size_phone=&#8221;15px&#8221; text_font_size_last_edited=&#8221;on|phone&#8221; header_font_size_tablet=&#8221;&#8221; header_font_size_phone=&#8221;28px&#8221; header_font_size_last_edited=&#8221;on|phone&#8221;]<\/p>\n<h3>ABOUT US<\/h3>\n<p>[\/et_pb_text][\/et_pb_column][et_pb_column type=&#8221;1_3&#8243; _builder_version=&#8221;3.25&#8243; custom_padding=&#8221;|||&#8221; custom_padding__hover=&#8221;|||&#8221;][\/et_pb_column][\/et_pb_row][\/et_pb_section][et_pb_section fb_built=&#8221;1&#8243; _builder_version=&#8221;4.4.5&#8243; custom_padding=&#8221;25px||||false|false&#8221;][et_pb_row column_structure=&#8221;3_5,2_5&#8243; use_custom_gutter=&#8221;on&#8221; gutter_width=&#8221;2&#8243; _builder_version=&#8221;4.4.5&#8243;][et_pb_column type=&#8221;3_5&#8243; _builder_version=&#8221;4.4.5&#8243;][et_pb_text _builder_version=&#8221;4.4.8&#8243; custom_margin=&#8221;0px||||false|false&#8221; custom_padding=&#8221;0px||||false|false&#8221; hover_enabled=&#8221;0&#8243;]Our scientific team is built up of researchers from diverse disciplines in areas such as pharmaceutical chemistry, nanomedicine, peptide synthesis, and preclinical and clinical validation in hypertension. CENDHY is part of a multi-institutional collaboration project in which its <a href=\"#\"> principal researchers <\/a>represent the two leading universities in research and teaching in our country: <a href=\"http:\/\/www.uchile.cl\" target=\"_blank\" rel=\"noopener noreferrer\">Universidad de Chile<\/a> and <a href=\"http:\/\/www.uc.cl\" target=\"_blank\" rel=\"noopener noreferrer\">Pontificia Universidad Cat\u00f3lica<\/a>. As a key partner, our project also includes one of the leading private research institutions in Chile, <a href=\"http:\/\/www.unab.cl\" target=\"_blank\" rel=\"noopener noreferrer\">Universidad Andres Bello<\/a>.<\/p>\n<p>We are committed to promoting an interdisciplinary approach in the conduct of our research projects since we are convinced that it is the best way to achieve the scientific objectives and comprehensive goals that we propose.<\/p>\n<p>The core of our scientific team is made up of postdoctoral researchers, undergraduate and graduate students, who are funded by the project (ACT192144 \/ PIA \/ ANID). We also have the support of a technical-professional team, such as graduates in veterinary medicine, analytical chemistry and biochemistry, in charge of experimental tasks, routine activities and maintenance, which are essential for the progress of our project.<\/p>\n<p>Prior to the constitution of CENDHY, full-time researchers and <a href=\"#\"> associate researchers <\/a> have established and maintain a wide and active network of national collaboration capable to provide access to specific instruments and resources that may be required throughout the development of the project. Among the most relevant national collaborating institutions, the FONDAP center, ACCDIS (Advanced Center for Chronic Diseases), with which our researchers actively participate, stands out.<\/p>\n<p>We have seen close interaction with key members of our <a href=\"#\"> international collaboration <\/a> network, who contribute directly to scientific goals, in our commitment to training of researchers and in the goals of extension to the external environment of the project.<\/p>\n<p>In addition to excellent scientific research, one of the pillars that set up the center is the transmission of its results to society. For this reason, CENDHY&#8217;s cross-cutting objectives include technology transfer, participation in community activities and effective <a href=\"#\"> scientific communication <\/a>.<\/p>\n<p>The research area and the fulfillment of scientific objectives are supported by the administration teams of the participating Universities and the representatives of the National Research Agency (ANID), who are in charge of managing the productive, financial and contractual aspects. of the project.[\/et_pb_text][\/et_pb_column][et_pb_column type=&#8221;2_5&#8243; _builder_version=&#8221;4.4.5&#8243;][et_pb_image src=&#8221;https:\/\/cendhy.cl\/wp-content\/uploads\/2020\/05\/ORGANIGRAMA.png&#8221; title_text=&#8221;ORGANIGRAMA&#8221; show_in_lightbox=&#8221;on&#8221; use_overlay=&#8221;on&#8221; hover_overlay_color=&#8221;rgba(56,75,119,0.2)&#8221; hover_icon=&#8221;%%51%%&#8221; _builder_version=&#8221;4.4.8&#8243; hover_enabled=&#8221;0&#8243; border_width_all=&#8221;1px&#8221; border_color_all=&#8221;rgba(51,51,51,0.1)&#8221; box_shadow_style=&#8221;preset3&#8243;][\/et_pb_image][et_pb_image src=&#8221;https:\/\/cendhy.cl\/wp-content\/uploads\/2020\/05\/donde-nos-encuentras_.jpg&#8221; title_text=&#8221;donde-nos-encuentras_&#8221; show_in_lightbox=&#8221;on&#8221; _builder_version=&#8221;4.4.7&#8243; box_shadow_style=&#8221;preset1&#8243;][\/et_pb_image][\/et_pb_column][\/et_pb_row][\/et_pb_section][et_pb_section fb_built=&#8221;1&#8243; _builder_version=&#8221;4.4.5&#8243; background_color=&#8221;#384b77&#8243; width=&#8221;100%&#8221; custom_padding=&#8221;10px||19px||false|false&#8221; global_module=&#8221;5565&#8243; saved_tabs=&#8221;all&#8221;][et_pb_row column_structure=&#8221;1_4,1_4,1_4,1_4&#8243; use_custom_gutter=&#8221;on&#8221; gutter_width=&#8221;2&#8243; _builder_version=&#8221;4.4.5&#8243; custom_padding=&#8221;||5px|||&#8221;][et_pb_column type=&#8221;1_4&#8243; _builder_version=&#8221;4.4.5&#8243;][et_pb_image src=&#8221;https:\/\/cendhy.cl\/wp-content\/uploads\/2020\/05\/logo-u-chile.png&#8221; title_text=&#8221;logo-u-chile&#8221; _builder_version=&#8221;4.4.5&#8243;][\/et_pb_image][\/et_pb_column][et_pb_column type=&#8221;1_4&#8243; _builder_version=&#8221;4.4.5&#8243;][et_pb_image src=&#8221;https:\/\/cendhy.cl\/wp-content\/uploads\/2020\/05\/logo-puc.png&#8221; title_text=&#8221;logo-puc&#8221; _builder_version=&#8221;4.4.5&#8243;][\/et_pb_image][\/et_pb_column][et_pb_column type=&#8221;1_4&#8243; _builder_version=&#8221;4.4.5&#8243;][et_pb_image src=&#8221;https:\/\/cendhy.cl\/wp-content\/uploads\/2020\/05\/logo-unab2.png&#8221; title_text=&#8221;logo-unab2&#8243; _builder_version=&#8221;4.4.5&#8243; custom_margin=&#8221;||45px||false|false&#8221;][\/et_pb_image][\/et_pb_column][et_pb_column type=&#8221;1_4&#8243; _builder_version=&#8221;4.4.5&#8243; custom_padding=&#8221;|0px||0px|false|true&#8221;][et_pb_image src=&#8221;https:\/\/cendhy.cl\/wp-content\/uploads\/2020\/05\/logo-anid-bco.png&#8221; title_text=&#8221;logo-anid-bco&#8221; show_bottom_space=&#8221;off&#8221; _builder_version=&#8221;4.4.5&#8243;][\/et_pb_image][\/et_pb_column][\/et_pb_row][et_pb_row column_structure=&#8221;1_4,1_2,1_4&#8243; _builder_version=&#8221;4.4.5&#8243; custom_padding=&#8221;5px|||||&#8221;][et_pb_column type=&#8221;1_4&#8243; _builder_version=&#8221;4.4.5&#8243;][et_pb_text _builder_version=&#8221;4.4.5&#8243; header_5_font=&#8221;|700|||||||&#8221; header_5_text_color=&#8221;#f5f6f4&#8243; header_5_font_size=&#8221;18px&#8221; text_orientation=&#8221;right&#8221;]<\/p>\n<h5>CENDHY<\/h5>\n<p>[\/et_pb_text][\/et_pb_column][et_pb_column type=&#8221;1_2&#8243; _builder_version=&#8221;4.4.5&#8243;][et_pb_text _builder_version=&#8221;4.4.5&#8243; text_text_color=&#8221;#ffffff&#8221; header_5_font=&#8221;|700|||||||&#8221; header_5_text_color=&#8221;#f5f6f4&#8243; header_5_font_size=&#8221;20px&#8221; header_5_line_height=&#8221;1.5em&#8221; custom_padding=&#8221;||0px||false|false&#8221;]Santos Dumont 964, Independencia, Santiago de Chile.<br \/>\nPhones: +56 2 2354 8468 \/ +56 2 2354 5827<br \/>\nEmail: contacto@cendhy.cl[\/et_pb_text][\/et_pb_column][et_pb_column type=&#8221;1_4&#8243; _builder_version=&#8221;4.4.5&#8243;][et_pb_button button_text=&#8221;View Map&#8221; button_alignment=&#8221;left&#8221; _builder_version=&#8221;4.4.5&#8243; custom_button=&#8221;on&#8221; button_text_size=&#8221;15px&#8221; button_text_color=&#8221;#384b77&#8243; button_bg_color=&#8221;#f7d000&#8243; button_border_width=&#8221;0px&#8221; button_border_radius=&#8221;4px&#8221;][\/et_pb_button][\/et_pb_column][\/et_pb_row][\/et_pb_section]<\/p>\n","protected":false},"excerpt":{"rendered":"<p>ABOUT USOur scientific team is built up of researchers from diverse disciplines in areas such as pharmaceutical chemistry, nanomedicine, peptide synthesis, and preclinical and clinical validation in hypertension. CENDHY is [&hellip;]<\/p>\n","protected":false},"author":1,"featured_media":0,"parent":0,"menu_order":0,"comment_status":"closed","ping_status":"closed","template":"","meta":{"_et_pb_use_builder":"on","_et_pb_old_content":"","_et_gb_content_width":"","footnotes":""},"class_list":["post-5737","page","type-page","status-publish","hentry"],"yoast_head":"<!-- This site is optimized with the Yoast SEO plugin v27.4 - https:\/\/yoast.com\/product\/yoast-seo-wordpress\/ -->\n<title>ABOUT US - Cendhy, centro de nuevos f\u00e1rmacos para hipertensi\u00f3n e insuficiencia card\u00edaca<\/title>\n<meta name=\"robots\" content=\"index, follow, max-snippet:-1, max-image-preview:large, max-video-preview:-1\" \/>\n<link rel=\"canonical\" href=\"https:\/\/cendhy.cl\/en\/we\/\" \/>\n<meta property=\"og:locale\" content=\"en_US\" \/>\n<meta property=\"og:type\" content=\"article\" \/>\n<meta property=\"og:title\" content=\"ABOUT US - Cendhy, centro de nuevos f\u00e1rmacos para hipertensi\u00f3n e insuficiencia card\u00edaca\" \/>\n<meta property=\"og:description\" content=\"ABOUT USOur scientific team is built up of researchers from diverse disciplines in areas such as pharmaceutical chemistry, nanomedicine, peptide synthesis, and preclinical and clinical validation in hypertension. CENDHY is [&hellip;]\" \/>\n<meta property=\"og:url\" content=\"https:\/\/cendhy.cl\/en\/we\/\" \/>\n<meta property=\"og:site_name\" content=\"Cendhy, centro de nuevos f\u00e1rmacos para hipertensi\u00f3n e insuficiencia card\u00edaca\" \/>\n<meta property=\"article:publisher\" content=\"https:\/\/www.facebook.com\/Cendhy-100888214943347\/\" \/>\n<meta property=\"article:modified_time\" content=\"2020-08-21T20:55:37+00:00\" \/>\n<meta name=\"twitter:card\" content=\"summary_large_image\" \/>\n<meta name=\"twitter:site\" content=\"@CENDHY_CL\" \/>\n<meta name=\"twitter:label1\" content=\"Est. reading time\" \/>\n\t<meta name=\"twitter:data1\" content=\"5 minutes\" \/>\n<script type=\"application\/ld+json\" class=\"yoast-schema-graph\">{\"@context\":\"https:\\\/\\\/schema.org\",\"@graph\":[{\"@type\":\"WebPage\",\"@id\":\"https:\\\/\\\/cendhy.cl\\\/en\\\/we\\\/\",\"url\":\"https:\\\/\\\/cendhy.cl\\\/en\\\/we\\\/\",\"name\":\"ABOUT US - Cendhy, centro de nuevos f\u00e1rmacos para hipertensi\u00f3n e insuficiencia card\u00edaca\",\"isPartOf\":{\"@id\":\"https:\\\/\\\/cendhy.cl\\\/en\\\/#website\"},\"datePublished\":\"2020-05-05T20:02:30+00:00\",\"dateModified\":\"2020-08-21T20:55:37+00:00\",\"breadcrumb\":{\"@id\":\"https:\\\/\\\/cendhy.cl\\\/en\\\/we\\\/#breadcrumb\"},\"inLanguage\":\"en-US\",\"potentialAction\":[{\"@type\":\"ReadAction\",\"target\":[\"https:\\\/\\\/cendhy.cl\\\/en\\\/we\\\/\"]}]},{\"@type\":\"BreadcrumbList\",\"@id\":\"https:\\\/\\\/cendhy.cl\\\/en\\\/we\\\/#breadcrumb\",\"itemListElement\":[{\"@type\":\"ListItem\",\"position\":1,\"name\":\"Portada\",\"item\":\"https:\\\/\\\/cendhy.cl\\\/en\\\/\"},{\"@type\":\"ListItem\",\"position\":2,\"name\":\"ABOUT US\"}]},{\"@type\":\"WebSite\",\"@id\":\"https:\\\/\\\/cendhy.cl\\\/en\\\/#website\",\"url\":\"https:\\\/\\\/cendhy.cl\\\/en\\\/\",\"name\":\"Cendhy, centro de nuevos f\u00e1rmacos para hipertensi\u00f3n\",\"description\":\"Centro de investigaci\u00f3n de nuevos f\u00e1rmacos para hipertensi\u00f3n e insuficiencia card\u00edaca\",\"publisher\":{\"@id\":\"https:\\\/\\\/cendhy.cl\\\/en\\\/#organization\"},\"potentialAction\":[{\"@type\":\"SearchAction\",\"target\":{\"@type\":\"EntryPoint\",\"urlTemplate\":\"https:\\\/\\\/cendhy.cl\\\/en\\\/?s={search_term_string}\"},\"query-input\":{\"@type\":\"PropertyValueSpecification\",\"valueRequired\":true,\"valueName\":\"search_term_string\"}}],\"inLanguage\":\"en-US\"},{\"@type\":\"Organization\",\"@id\":\"https:\\\/\\\/cendhy.cl\\\/en\\\/#organization\",\"name\":\"CENDHY\",\"url\":\"https:\\\/\\\/cendhy.cl\\\/en\\\/\",\"logo\":{\"@type\":\"ImageObject\",\"inLanguage\":\"en-US\",\"@id\":\"https:\\\/\\\/cendhy.cl\\\/en\\\/#\\\/schema\\\/logo\\\/image\\\/\",\"url\":\"https:\\\/\\\/cendhy.cl\\\/wp-content\\\/uploads\\\/2020\\\/04\\\/logo-horizontal-esp-329x95-1.png\",\"contentUrl\":\"https:\\\/\\\/cendhy.cl\\\/wp-content\\\/uploads\\\/2020\\\/04\\\/logo-horizontal-esp-329x95-1.png\",\"width\":329,\"height\":95,\"caption\":\"CENDHY\"},\"image\":{\"@id\":\"https:\\\/\\\/cendhy.cl\\\/en\\\/#\\\/schema\\\/logo\\\/image\\\/\"},\"sameAs\":[\"https:\\\/\\\/www.facebook.com\\\/Cendhy-100888214943347\\\/\",\"https:\\\/\\\/x.com\\\/CENDHY_CL\",\"https:\\\/\\\/www.instagram.com\\\/cendhy_cl\\\/?hl=es-la\",\"https:\\\/\\\/www.linkedin.com\\\/in\\\/cendhy-cl-b10a991a6\\\/\",\"https:\\\/\\\/www.youtube.com\\\/channel\\\/UCZg1EKBkMgKde86H0CpGQLg\"]}]}<\/script>\n<!-- \/ Yoast SEO plugin. -->","yoast_head_json":{"title":"ABOUT US - Cendhy, centro de nuevos f\u00e1rmacos para hipertensi\u00f3n e insuficiencia card\u00edaca","robots":{"index":"index","follow":"follow","max-snippet":"max-snippet:-1","max-image-preview":"max-image-preview:large","max-video-preview":"max-video-preview:-1"},"canonical":"https:\/\/cendhy.cl\/en\/we\/","og_locale":"en_US","og_type":"article","og_title":"ABOUT US - Cendhy, centro de nuevos f\u00e1rmacos para hipertensi\u00f3n e insuficiencia card\u00edaca","og_description":"ABOUT USOur scientific team is built up of researchers from diverse disciplines in areas such as pharmaceutical chemistry, nanomedicine, peptide synthesis, and preclinical and clinical validation in hypertension. CENDHY is [&hellip;]","og_url":"https:\/\/cendhy.cl\/en\/we\/","og_site_name":"Cendhy, centro de nuevos f\u00e1rmacos para hipertensi\u00f3n e insuficiencia card\u00edaca","article_publisher":"https:\/\/www.facebook.com\/Cendhy-100888214943347\/","article_modified_time":"2020-08-21T20:55:37+00:00","twitter_card":"summary_large_image","twitter_site":"@CENDHY_CL","twitter_misc":{"Est. reading time":"5 minutes"},"schema":{"@context":"https:\/\/schema.org","@graph":[{"@type":"WebPage","@id":"https:\/\/cendhy.cl\/en\/we\/","url":"https:\/\/cendhy.cl\/en\/we\/","name":"ABOUT US - Cendhy, centro de nuevos f\u00e1rmacos para hipertensi\u00f3n e insuficiencia card\u00edaca","isPartOf":{"@id":"https:\/\/cendhy.cl\/en\/#website"},"datePublished":"2020-05-05T20:02:30+00:00","dateModified":"2020-08-21T20:55:37+00:00","breadcrumb":{"@id":"https:\/\/cendhy.cl\/en\/we\/#breadcrumb"},"inLanguage":"en-US","potentialAction":[{"@type":"ReadAction","target":["https:\/\/cendhy.cl\/en\/we\/"]}]},{"@type":"BreadcrumbList","@id":"https:\/\/cendhy.cl\/en\/we\/#breadcrumb","itemListElement":[{"@type":"ListItem","position":1,"name":"Portada","item":"https:\/\/cendhy.cl\/en\/"},{"@type":"ListItem","position":2,"name":"ABOUT US"}]},{"@type":"WebSite","@id":"https:\/\/cendhy.cl\/en\/#website","url":"https:\/\/cendhy.cl\/en\/","name":"Cendhy, centro de nuevos f\u00e1rmacos para hipertensi\u00f3n","description":"Centro de investigaci\u00f3n de nuevos f\u00e1rmacos para hipertensi\u00f3n e insuficiencia card\u00edaca","publisher":{"@id":"https:\/\/cendhy.cl\/en\/#organization"},"potentialAction":[{"@type":"SearchAction","target":{"@type":"EntryPoint","urlTemplate":"https:\/\/cendhy.cl\/en\/?s={search_term_string}"},"query-input":{"@type":"PropertyValueSpecification","valueRequired":true,"valueName":"search_term_string"}}],"inLanguage":"en-US"},{"@type":"Organization","@id":"https:\/\/cendhy.cl\/en\/#organization","name":"CENDHY","url":"https:\/\/cendhy.cl\/en\/","logo":{"@type":"ImageObject","inLanguage":"en-US","@id":"https:\/\/cendhy.cl\/en\/#\/schema\/logo\/image\/","url":"https:\/\/cendhy.cl\/wp-content\/uploads\/2020\/04\/logo-horizontal-esp-329x95-1.png","contentUrl":"https:\/\/cendhy.cl\/wp-content\/uploads\/2020\/04\/logo-horizontal-esp-329x95-1.png","width":329,"height":95,"caption":"CENDHY"},"image":{"@id":"https:\/\/cendhy.cl\/en\/#\/schema\/logo\/image\/"},"sameAs":["https:\/\/www.facebook.com\/Cendhy-100888214943347\/","https:\/\/x.com\/CENDHY_CL","https:\/\/www.instagram.com\/cendhy_cl\/?hl=es-la","https:\/\/www.linkedin.com\/in\/cendhy-cl-b10a991a6\/","https:\/\/www.youtube.com\/channel\/UCZg1EKBkMgKde86H0CpGQLg"]}]}},"_links":{"self":[{"href":"https:\/\/cendhy.cl\/en\/wp-json\/wp\/v2\/pages\/5737","targetHints":{"allow":["GET"]}}],"collection":[{"href":"https:\/\/cendhy.cl\/en\/wp-json\/wp\/v2\/pages"}],"about":[{"href":"https:\/\/cendhy.cl\/en\/wp-json\/wp\/v2\/types\/page"}],"author":[{"embeddable":true,"href":"https:\/\/cendhy.cl\/en\/wp-json\/wp\/v2\/users\/1"}],"replies":[{"embeddable":true,"href":"https:\/\/cendhy.cl\/en\/wp-json\/wp\/v2\/comments?post=5737"}],"version-history":[{"count":16,"href":"https:\/\/cendhy.cl\/en\/wp-json\/wp\/v2\/pages\/5737\/revisions"}],"predecessor-version":[{"id":6906,"href":"https:\/\/cendhy.cl\/en\/wp-json\/wp\/v2\/pages\/5737\/revisions\/6906"}],"wp:attachment":[{"href":"https:\/\/cendhy.cl\/en\/wp-json\/wp\/v2\/media?parent=5737"}],"curies":[{"name":"wp","href":"https:\/\/api.w.org\/{rel}","templated":true}]}}