{"id":5733,"date":"2020-05-05T15:55:12","date_gmt":"2020-05-05T19:55:12","guid":{"rendered":"https:\/\/cendhy.cl\/associated-researchers\/"},"modified":"2023-06-08T23:51:05","modified_gmt":"2023-06-09T03:51:05","slug":"associated-researchers","status":"publish","type":"page","link":"https:\/\/cendhy.cl\/en\/associated-researchers\/","title":{"rendered":"ASSOCIATED RESEARCHERS"},"content":{"rendered":"<p>[et_pb_section fb_built=&#8221;1&#8243; custom_padding_last_edited=&#8221;on|tablet&#8221; admin_label=&#8221;Hero&#8221; _builder_version=&#8221;4.16&#8243; background_color=&#8221;#384b77&#8243; use_background_color_gradient=&#8221;on&#8221; background_color_gradient_type=&#8221;circular&#8221; background_color_gradient_direction_radial=&#8221;top right&#8221; background_color_gradient_stops=&#8221;rgba(0,35,119,0.5) 20%|#384b77 100%&#8221; background_color_gradient_overlays_image=&#8221;on&#8221; background_color_gradient_start=&#8221;rgba(0,35,119,0.5)&#8221; background_color_gradient_start_position=&#8221;20%&#8221; background_color_gradient_end=&#8221;#384b77&#8243; background_enable_image=&#8221;off&#8221; custom_padding=&#8221;15px|0px|0px|0px|false|false&#8221; custom_padding_tablet=&#8221;50px||50px||true&#8221; custom_padding_phone=&#8221;|||&#8221; bottom_divider_color=&#8221;rgba(0,0,0,0)&#8221; bottom_divider_height=&#8221;50px&#8221; bottom_divider_flip=&#8221;horizontal&#8221; bottom_divider_height_tablet=&#8221;90px&#8221; bottom_divider_height_phone=&#8221;80px&#8221; global_colors_info=&#8221;{}&#8221;][et_pb_row column_structure=&#8221;2_3,1_3&#8243; _builder_version=&#8221;4.16&#8243; custom_width_px=&#8221;1280px&#8221; global_colors_info=&#8221;{}&#8221;][et_pb_column type=&#8221;2_3&#8243; _builder_version=&#8221;4.16&#8243; custom_padding=&#8221;|||&#8221; global_colors_info=&#8221;{}&#8221; custom_padding__hover=&#8221;|||&#8221;][et_pb_text _builder_version=&#8221;4.16&#8243; text_font=&#8221;Montserrat||||||||&#8221; text_text_color=&#8221;rgba(255,255,255,0.7)&#8221; text_font_size=&#8221;20px&#8221; text_line_height=&#8221;1.8em&#8221; header_font=&#8221;Montserrat|700|||||||&#8221; header_font_size=&#8221;44px&#8221; header_line_height=&#8221;1.4em&#8221; header_2_font=&#8221;Montserrat|700|||||||&#8221; header_2_font_size=&#8221;36px&#8221; header_2_letter_spacing=&#8221;2px&#8221; header_3_font=&#8221;|600|||||||&#8221; header_3_font_size=&#8221;24px&#8221; header_3_letter_spacing=&#8221;1px&#8221; header_5_letter_spacing=&#8221;2px&#8221; header_6_font=&#8221;Montserrat|600||on|||||&#8221; header_6_text_color=&#8221;#FFFFFF&#8221; header_6_font_size=&#8221;16px&#8221; header_6_letter_spacing=&#8221;2px&#8221; header_6_line_height=&#8221;1.5em&#8221; background_layout=&#8221;dark&#8221; max_width=&#8221;780px&#8221; custom_padding=&#8221;||0px||false|false&#8221; text_font_size_tablet=&#8221;&#8221; text_font_size_phone=&#8221;15px&#8221; text_font_size_last_edited=&#8221;on|phone&#8221; header_font_size_tablet=&#8221;&#8221; header_font_size_phone=&#8221;28px&#8221; header_font_size_last_edited=&#8221;on|phone&#8221; global_colors_info=&#8221;{}&#8221;]<\/p>\n<h5>ABOUT UA<\/h5>\n<h3>ASSOCIATED RESEARCHERS<\/h3>\n<p>[\/et_pb_text][\/et_pb_column][et_pb_column type=&#8221;1_3&#8243; _builder_version=&#8221;4.16&#8243; custom_padding=&#8221;|||&#8221; global_colors_info=&#8221;{}&#8221; custom_padding__hover=&#8221;|||&#8221;][\/et_pb_column][\/et_pb_row][\/et_pb_section][et_pb_section fb_built=&#8221;1&#8243; module_id=&#8221;foyarzun&#8221; _builder_version=&#8221;4.16&#8243; custom_padding=&#8221;25px||12px||false|false&#8221; global_colors_info=&#8221;{}&#8221;][et_pb_row use_custom_gutter=&#8221;on&#8221; gutter_width=&#8221;2&#8243; _builder_version=&#8221;4.16&#8243; global_colors_info=&#8221;{}&#8221;][et_pb_column type=&#8221;4_4&#8243; _builder_version=&#8221;4.16&#8243; global_colors_info=&#8221;{}&#8221;][et_pb_team_member name=&#8221;Dr. Felipe Oyarzun-Ampuero&#8221; image_url=&#8221;https:\/\/cendhy.cl\/wp-content\/uploads\/2020\/04\/felipe-oyarzun.png&#8221; _builder_version=&#8221;4.16&#8243; global_colors_info=&#8221;{}&#8221;]PhD in Medicine Research and Development from the University of Santiago de Compostela (Spain), he is Associate Researcher of the project as a leading researcher in the study of delivery mechanisms of active molecules in nano, micro and macrosystems for chronic therapies at the University of Chile . Dr. Oyarz\u00fan-Ampuero&#8217;s work area will be the design, development and characterization of ultra-slow delivery systems based on his research on aromatic and electrostatic interaction polymer matrices for the development of complexes, nanoparticles and massive aggregates, conductive a controlled release kinetics.[\/et_pb_team_member][\/et_pb_column][\/et_pb_row][\/et_pb_section][et_pb_section fb_built=&#8221;1&#8243; module_id=&#8221;earaya&#8221; _builder_version=&#8221;4.16&#8243; custom_padding=&#8221;25px||||false|false&#8221; global_colors_info=&#8221;{}&#8221;][et_pb_row use_custom_gutter=&#8221;on&#8221; gutter_width=&#8221;2&#8243; _builder_version=&#8221;4.21.0&#8243; hover_enabled=&#8221;0&#8243; global_colors_info=&#8221;{}&#8221; sticky_enabled=&#8221;0&#8243;][et_pb_column type=&#8221;4_4&#8243; _builder_version=&#8221;4.16&#8243; global_colors_info=&#8221;{}&#8221;][et_pb_team_member name=&#8221;PhD. Fernando Gonz\u00e1lez Nilo (2021-present)&#8221; _builder_version=&#8221;4.21.0&#8243; hover_enabled=&#8221;0&#8243; global_colors_info=&#8221;{}&#8221; sticky_enabled=&#8221;0&#8243; alt=&#8221;Dr. Danilo Gonz\u00e1lez Nilo&#8221; title_text=&#8221;Foto DG web fondo gris&#8221; image_url=&#8221;https:\/\/cendhy.cl\/wp-content\/uploads\/2021\/08\/Foto-DG-web-fondo-gris.png&#8221;]<\/p>\n<p>PhD in Chemical Sciences from the University of Santiago de Chile (USACH), principal investigator of the Interdisciplinary Center for Neurosciences of Valpara\u00edso (CINV), director of the Center for Bioinformatics and Integrative Biology (CBIB) at the Andr\u00e9s Bello University (UNAB), academic in the Faculty of Life Sciences UNAB. Due to his extensive experience in bio-nanotechnology, computational design of drugs, peptides and protein engineering, Dr. Gonz\u00e1lez-Nilo joins the project in August 2021 in the line of in silico design of peptide candidates and drug delivery systems. , and to develop new lines of interaction with computational chemistry.<\/p>\n<p>[\/et_pb_team_member][\/et_pb_column][\/et_pb_row][\/et_pb_section][et_pb_section fb_built=&#8221;1&#8243; module_id=&#8221;earaya&#8221; _builder_version=&#8221;4.16&#8243; custom_padding=&#8221;25px||||false|false&#8221; global_colors_info=&#8221;{}&#8221;][et_pb_row use_custom_gutter=&#8221;on&#8221; gutter_width=&#8221;2&#8243; _builder_version=&#8221;4.16&#8243; global_colors_info=&#8221;{}&#8221;][et_pb_column type=&#8221;4_4&#8243; _builder_version=&#8221;4.16&#8243; global_colors_info=&#8221;{}&#8221;][et_pb_team_member name=&#8221;PhD. Eyleen Araya (2019-2021)&#8221; image_url=&#8221;https:\/\/cendhy.cl\/wp-content\/uploads\/2020\/04\/eyleen-araya.png&#8221; _builder_version=&#8221;4.21.0&#8243; hover_enabled=&#8221;0&#8243; global_colors_info=&#8221;{}&#8221; sticky_enabled=&#8221;0&#8243;]<\/p>\n<p>PhD in Biotechnology from the University of Barcelona (Spain), she is an Associate Researcher and academic at the Andr\u00e9s Bello University. His research area is the synthesis and characterization of peptides, and their potential therapeutic use for the development of new targeted bioactive drug delivery systems.<\/p>\n<p>[\/et_pb_team_member][\/et_pb_column][\/et_pb_row][\/et_pb_section][et_pb_section fb_built=&#8221;1&#8243; _builder_version=&#8221;4.4.5&#8243; background_color=&#8221;#384b77&#8243; width=&#8221;100%&#8221; custom_padding=&#8221;10px||19px||false|false&#8221; global_module=&#8221;5565&#8243; saved_tabs=&#8221;all&#8221; global_colors_info=&#8221;{}&#8221;][et_pb_row column_structure=&#8221;1_4,1_4,1_4,1_4&#8243; use_custom_gutter=&#8221;on&#8221; gutter_width=&#8221;2&#8243; _builder_version=&#8221;4.16&#8243; custom_padding=&#8221;||5px|||&#8221; global_colors_info=&#8221;{}&#8221;][et_pb_column type=&#8221;1_4&#8243; _builder_version=&#8221;4.16&#8243; global_colors_info=&#8221;{}&#8221;][et_pb_image src=&#8221;https:\/\/cendhy.cl\/wp-content\/uploads\/2020\/05\/logo-u-chile.png&#8221; title_text=&#8221;logo-u-chile&#8221; _builder_version=&#8221;4.16&#8243; global_colors_info=&#8221;{}&#8221;][\/et_pb_image][\/et_pb_column][et_pb_column type=&#8221;1_4&#8243; _builder_version=&#8221;4.16&#8243; global_colors_info=&#8221;{}&#8221;][et_pb_image src=&#8221;https:\/\/cendhy.cl\/wp-content\/uploads\/2020\/05\/logo-puc.png&#8221; title_text=&#8221;logo-puc&#8221; _builder_version=&#8221;4.16&#8243; global_colors_info=&#8221;{}&#8221;][\/et_pb_image][\/et_pb_column][et_pb_column type=&#8221;1_4&#8243; _builder_version=&#8221;4.16&#8243; global_colors_info=&#8221;{}&#8221;][et_pb_image src=&#8221;https:\/\/cendhy.cl\/wp-content\/uploads\/2020\/05\/logo-unab2.png&#8221; title_text=&#8221;logo-unab2&#8243; _builder_version=&#8221;4.16&#8243; custom_margin=&#8221;||45px||false|false&#8221; global_colors_info=&#8221;{}&#8221;][\/et_pb_image][\/et_pb_column][et_pb_column type=&#8221;1_4&#8243; _builder_version=&#8221;4.16&#8243; custom_padding=&#8221;|0px||0px|false|true&#8221; global_colors_info=&#8221;{}&#8221;][et_pb_image src=&#8221;https:\/\/cendhy.cl\/wp-content\/uploads\/2020\/05\/logo-anid-gris.png&#8221; title_text=&#8221;logo-anid-gris&#8221; show_bottom_space=&#8221;off&#8221; _builder_version=&#8221;4.16&#8243; global_colors_info=&#8221;{}&#8221;][\/et_pb_image][\/et_pb_column][\/et_pb_row][et_pb_row column_structure=&#8221;1_4,1_2,1_4&#8243; _builder_version=&#8221;4.16&#8243; custom_padding=&#8221;5px|||||&#8221; global_colors_info=&#8221;{}&#8221;][et_pb_column type=&#8221;1_4&#8243; _builder_version=&#8221;4.16&#8243; global_colors_info=&#8221;{}&#8221;][et_pb_text _builder_version=&#8221;4.16&#8243; header_5_font=&#8221;|700|||||||&#8221; header_5_text_color=&#8221;#f5f6f4&#8243; header_5_font_size=&#8221;18px&#8221; text_orientation=&#8221;right&#8221; global_colors_info=&#8221;{}&#8221;]<\/p>\n<h5>CENDHY<\/h5>\n<p>[\/et_pb_text][\/et_pb_column][et_pb_column type=&#8221;1_2&#8243; _builder_version=&#8221;4.16&#8243; global_colors_info=&#8221;{}&#8221;][et_pb_text _builder_version=&#8221;4.16&#8243; text_text_color=&#8221;#ffffff&#8221; header_5_font=&#8221;|700|||||||&#8221; header_5_text_color=&#8221;#f5f6f4&#8243; header_5_font_size=&#8221;20px&#8221; header_5_line_height=&#8221;1.5em&#8221; custom_padding=&#8221;||0px||false|false&#8221; global_colors_info=&#8221;{}&#8221;]Santos Dumont 964, Independencia, Santiago de Chile.<br \/>\nPhones: +56 2 2354 8468 \/ +56 2 2354 5827<br \/>\nEmail: contacto@cendhy.cl[\/et_pb_text][\/et_pb_column][et_pb_column type=&#8221;1_4&#8243; _builder_version=&#8221;4.16&#8243; global_colors_info=&#8221;{}&#8221;][et_pb_button button_text=&#8221;View Map&#8221; button_alignment=&#8221;left&#8221; _builder_version=&#8221;4.16&#8243; custom_button=&#8221;on&#8221; button_text_size=&#8221;15px&#8221; button_text_color=&#8221;#384b77&#8243; button_bg_color=&#8221;#f7d000&#8243; button_border_width=&#8221;0px&#8221; button_border_radius=&#8221;4px&#8221; global_colors_info=&#8221;{}&#8221;][\/et_pb_button][\/et_pb_column][\/et_pb_row][\/et_pb_section]<\/p>\n","protected":false},"excerpt":{"rendered":"<p>ABOUT UA ASSOCIATED RESEARCHERSPhD in Medicine Research and Development from the University of Santiago de Compostela (Spain), he is Associate Researcher of the project as a leading researcher in the [&hellip;]<\/p>\n","protected":false},"author":1,"featured_media":0,"parent":0,"menu_order":0,"comment_status":"closed","ping_status":"closed","template":"","meta":{"_et_pb_use_builder":"on","_et_pb_old_content":"","_et_gb_content_width":"","footnotes":""},"class_list":["post-5733","page","type-page","status-publish","hentry"],"yoast_head":"<!-- This site is optimized with the Yoast SEO plugin v27.5 - https:\/\/yoast.com\/product\/yoast-seo-wordpress\/ -->\n<title>ASSOCIATED RESEARCHERS - Cendhy, centro de nuevos f\u00e1rmacos para hipertensi\u00f3n e insuficiencia card\u00edaca<\/title>\n<meta name=\"robots\" content=\"index, follow, max-snippet:-1, max-image-preview:large, max-video-preview:-1\" \/>\n<link rel=\"canonical\" href=\"https:\/\/cendhy.cl\/en\/associated-researchers\/\" \/>\n<meta property=\"og:locale\" content=\"en_US\" \/>\n<meta property=\"og:type\" content=\"article\" \/>\n<meta property=\"og:title\" content=\"ASSOCIATED RESEARCHERS - Cendhy, centro de nuevos f\u00e1rmacos para hipertensi\u00f3n e insuficiencia card\u00edaca\" \/>\n<meta property=\"og:description\" content=\"ABOUT UA ASSOCIATED RESEARCHERSPhD in Medicine Research and Development from the University of Santiago de Compostela (Spain), he is Associate Researcher of the project as a leading researcher in the [&hellip;]\" \/>\n<meta property=\"og:url\" content=\"https:\/\/cendhy.cl\/en\/associated-researchers\/\" \/>\n<meta property=\"og:site_name\" content=\"Cendhy, centro de nuevos f\u00e1rmacos para hipertensi\u00f3n e insuficiencia card\u00edaca\" \/>\n<meta property=\"article:publisher\" content=\"https:\/\/www.facebook.com\/Cendhy-100888214943347\/\" \/>\n<meta property=\"article:modified_time\" content=\"2023-06-09T03:51:05+00:00\" \/>\n<meta name=\"twitter:card\" content=\"summary_large_image\" \/>\n<meta name=\"twitter:site\" content=\"@CENDHY_CL\" \/>\n<meta name=\"twitter:label1\" content=\"Est. reading time\" \/>\n\t<meta name=\"twitter:data1\" content=\"6 minutes\" \/>\n<script type=\"application\/ld+json\" class=\"yoast-schema-graph\">{\"@context\":\"https:\\\/\\\/schema.org\",\"@graph\":[{\"@type\":\"WebPage\",\"@id\":\"https:\\\/\\\/cendhy.cl\\\/en\\\/associated-researchers\\\/\",\"url\":\"https:\\\/\\\/cendhy.cl\\\/en\\\/associated-researchers\\\/\",\"name\":\"ASSOCIATED RESEARCHERS - Cendhy, centro de nuevos f\u00e1rmacos para hipertensi\u00f3n e insuficiencia card\u00edaca\",\"isPartOf\":{\"@id\":\"https:\\\/\\\/cendhy.cl\\\/en\\\/#website\"},\"datePublished\":\"2020-05-05T19:55:12+00:00\",\"dateModified\":\"2023-06-09T03:51:05+00:00\",\"breadcrumb\":{\"@id\":\"https:\\\/\\\/cendhy.cl\\\/en\\\/associated-researchers\\\/#breadcrumb\"},\"inLanguage\":\"en-US\",\"potentialAction\":[{\"@type\":\"ReadAction\",\"target\":[\"https:\\\/\\\/cendhy.cl\\\/en\\\/associated-researchers\\\/\"]}]},{\"@type\":\"BreadcrumbList\",\"@id\":\"https:\\\/\\\/cendhy.cl\\\/en\\\/associated-researchers\\\/#breadcrumb\",\"itemListElement\":[{\"@type\":\"ListItem\",\"position\":1,\"name\":\"Portada\",\"item\":\"https:\\\/\\\/cendhy.cl\\\/en\\\/\"},{\"@type\":\"ListItem\",\"position\":2,\"name\":\"ASSOCIATED RESEARCHERS\"}]},{\"@type\":\"WebSite\",\"@id\":\"https:\\\/\\\/cendhy.cl\\\/en\\\/#website\",\"url\":\"https:\\\/\\\/cendhy.cl\\\/en\\\/\",\"name\":\"Cendhy, centro de nuevos f\u00e1rmacos para hipertensi\u00f3n\",\"description\":\"Centro de investigaci\u00f3n de nuevos f\u00e1rmacos para hipertensi\u00f3n e insuficiencia card\u00edaca\",\"publisher\":{\"@id\":\"https:\\\/\\\/cendhy.cl\\\/en\\\/#organization\"},\"potentialAction\":[{\"@type\":\"SearchAction\",\"target\":{\"@type\":\"EntryPoint\",\"urlTemplate\":\"https:\\\/\\\/cendhy.cl\\\/en\\\/?s={search_term_string}\"},\"query-input\":{\"@type\":\"PropertyValueSpecification\",\"valueRequired\":true,\"valueName\":\"search_term_string\"}}],\"inLanguage\":\"en-US\"},{\"@type\":\"Organization\",\"@id\":\"https:\\\/\\\/cendhy.cl\\\/en\\\/#organization\",\"name\":\"CENDHY\",\"url\":\"https:\\\/\\\/cendhy.cl\\\/en\\\/\",\"logo\":{\"@type\":\"ImageObject\",\"inLanguage\":\"en-US\",\"@id\":\"https:\\\/\\\/cendhy.cl\\\/en\\\/#\\\/schema\\\/logo\\\/image\\\/\",\"url\":\"https:\\\/\\\/cendhy.cl\\\/wp-content\\\/uploads\\\/2020\\\/04\\\/logo-horizontal-esp-329x95-1.png\",\"contentUrl\":\"https:\\\/\\\/cendhy.cl\\\/wp-content\\\/uploads\\\/2020\\\/04\\\/logo-horizontal-esp-329x95-1.png\",\"width\":329,\"height\":95,\"caption\":\"CENDHY\"},\"image\":{\"@id\":\"https:\\\/\\\/cendhy.cl\\\/en\\\/#\\\/schema\\\/logo\\\/image\\\/\"},\"sameAs\":[\"https:\\\/\\\/www.facebook.com\\\/Cendhy-100888214943347\\\/\",\"https:\\\/\\\/x.com\\\/CENDHY_CL\",\"https:\\\/\\\/www.instagram.com\\\/cendhy_cl\\\/?hl=es-la\",\"https:\\\/\\\/www.linkedin.com\\\/in\\\/cendhy-cl-b10a991a6\\\/\",\"https:\\\/\\\/www.youtube.com\\\/channel\\\/UCZg1EKBkMgKde86H0CpGQLg\"]}]}<\/script>\n<!-- \/ Yoast SEO plugin. -->","yoast_head_json":{"title":"ASSOCIATED RESEARCHERS - Cendhy, centro de nuevos f\u00e1rmacos para hipertensi\u00f3n e insuficiencia card\u00edaca","robots":{"index":"index","follow":"follow","max-snippet":"max-snippet:-1","max-image-preview":"max-image-preview:large","max-video-preview":"max-video-preview:-1"},"canonical":"https:\/\/cendhy.cl\/en\/associated-researchers\/","og_locale":"en_US","og_type":"article","og_title":"ASSOCIATED RESEARCHERS - Cendhy, centro de nuevos f\u00e1rmacos para hipertensi\u00f3n e insuficiencia card\u00edaca","og_description":"ABOUT UA ASSOCIATED RESEARCHERSPhD in Medicine Research and Development from the University of Santiago de Compostela (Spain), he is Associate Researcher of the project as a leading researcher in the [&hellip;]","og_url":"https:\/\/cendhy.cl\/en\/associated-researchers\/","og_site_name":"Cendhy, centro de nuevos f\u00e1rmacos para hipertensi\u00f3n e insuficiencia card\u00edaca","article_publisher":"https:\/\/www.facebook.com\/Cendhy-100888214943347\/","article_modified_time":"2023-06-09T03:51:05+00:00","twitter_card":"summary_large_image","twitter_site":"@CENDHY_CL","twitter_misc":{"Est. reading time":"6 minutes"},"schema":{"@context":"https:\/\/schema.org","@graph":[{"@type":"WebPage","@id":"https:\/\/cendhy.cl\/en\/associated-researchers\/","url":"https:\/\/cendhy.cl\/en\/associated-researchers\/","name":"ASSOCIATED RESEARCHERS - Cendhy, centro de nuevos f\u00e1rmacos para hipertensi\u00f3n e insuficiencia card\u00edaca","isPartOf":{"@id":"https:\/\/cendhy.cl\/en\/#website"},"datePublished":"2020-05-05T19:55:12+00:00","dateModified":"2023-06-09T03:51:05+00:00","breadcrumb":{"@id":"https:\/\/cendhy.cl\/en\/associated-researchers\/#breadcrumb"},"inLanguage":"en-US","potentialAction":[{"@type":"ReadAction","target":["https:\/\/cendhy.cl\/en\/associated-researchers\/"]}]},{"@type":"BreadcrumbList","@id":"https:\/\/cendhy.cl\/en\/associated-researchers\/#breadcrumb","itemListElement":[{"@type":"ListItem","position":1,"name":"Portada","item":"https:\/\/cendhy.cl\/en\/"},{"@type":"ListItem","position":2,"name":"ASSOCIATED RESEARCHERS"}]},{"@type":"WebSite","@id":"https:\/\/cendhy.cl\/en\/#website","url":"https:\/\/cendhy.cl\/en\/","name":"Cendhy, centro de nuevos f\u00e1rmacos para hipertensi\u00f3n","description":"Centro de investigaci\u00f3n de nuevos f\u00e1rmacos para hipertensi\u00f3n e insuficiencia card\u00edaca","publisher":{"@id":"https:\/\/cendhy.cl\/en\/#organization"},"potentialAction":[{"@type":"SearchAction","target":{"@type":"EntryPoint","urlTemplate":"https:\/\/cendhy.cl\/en\/?s={search_term_string}"},"query-input":{"@type":"PropertyValueSpecification","valueRequired":true,"valueName":"search_term_string"}}],"inLanguage":"en-US"},{"@type":"Organization","@id":"https:\/\/cendhy.cl\/en\/#organization","name":"CENDHY","url":"https:\/\/cendhy.cl\/en\/","logo":{"@type":"ImageObject","inLanguage":"en-US","@id":"https:\/\/cendhy.cl\/en\/#\/schema\/logo\/image\/","url":"https:\/\/cendhy.cl\/wp-content\/uploads\/2020\/04\/logo-horizontal-esp-329x95-1.png","contentUrl":"https:\/\/cendhy.cl\/wp-content\/uploads\/2020\/04\/logo-horizontal-esp-329x95-1.png","width":329,"height":95,"caption":"CENDHY"},"image":{"@id":"https:\/\/cendhy.cl\/en\/#\/schema\/logo\/image\/"},"sameAs":["https:\/\/www.facebook.com\/Cendhy-100888214943347\/","https:\/\/x.com\/CENDHY_CL","https:\/\/www.instagram.com\/cendhy_cl\/?hl=es-la","https:\/\/www.linkedin.com\/in\/cendhy-cl-b10a991a6\/","https:\/\/www.youtube.com\/channel\/UCZg1EKBkMgKde86H0CpGQLg"]}]}},"_links":{"self":[{"href":"https:\/\/cendhy.cl\/en\/wp-json\/wp\/v2\/pages\/5733","targetHints":{"allow":["GET"]}}],"collection":[{"href":"https:\/\/cendhy.cl\/en\/wp-json\/wp\/v2\/pages"}],"about":[{"href":"https:\/\/cendhy.cl\/en\/wp-json\/wp\/v2\/types\/page"}],"author":[{"embeddable":true,"href":"https:\/\/cendhy.cl\/en\/wp-json\/wp\/v2\/users\/1"}],"replies":[{"embeddable":true,"href":"https:\/\/cendhy.cl\/en\/wp-json\/wp\/v2\/comments?post=5733"}],"version-history":[{"count":13,"href":"https:\/\/cendhy.cl\/en\/wp-json\/wp\/v2\/pages\/5733\/revisions"}],"predecessor-version":[{"id":8738,"href":"https:\/\/cendhy.cl\/en\/wp-json\/wp\/v2\/pages\/5733\/revisions\/8738"}],"wp:attachment":[{"href":"https:\/\/cendhy.cl\/en\/wp-json\/wp\/v2\/media?parent=5733"}],"curies":[{"name":"wp","href":"https:\/\/api.w.org\/{rel}","templated":true}]}}